{"id":7119,"date":"2017-07-28T14:32:34","date_gmt":"2017-07-28T14:32:34","guid":{"rendered":"http:\/\/kelensc.hu\/?page_id=7119"},"modified":"2025-07-29T15:19:53","modified_gmt":"2025-07-29T13:19:53","slug":"u10-zold","status":"publish","type":"page","link":"https:\/\/kelensc.hu\/index.php\/utanpotlas\/utanpotlas-zold\/u10-zold\/","title":{"rendered":"U10 Z\u00d6LD"},"content":{"rendered":"<section id=\"bt_bb_section69d5f73f21e37\" class=\"bt_bb_section bt_bb_layout_boxed_1200 bt_bb_vertical_align_top bt_bb_top_spacing_large\" style=\"z-index: 2;\" data-bt-override-class=\"null\"><div class=\"bt_bb_port\"><div class=\"bt_bb_cell\"><div class=\"bt_bb_cell_inner\"><div class=\"bt_bb_row_wrapper\"><div  class=\"bt_bb_row\"  data-bt-override-class=\"{}\"><div  class=\"bt_bb_column col-xxl-3 col-xl-3 bt_bb_vertical_align_top bt_bb_align_left bt_bb_padding_normal\"  data-width=\"3\" data-bt-override-class=\"{}\"><div class=\"bt_bb_column_content\"><div class=\"bt_bb_column_content_inner\"><\/div><\/div><\/div><div  class=\"bt_bb_column col-xxl-6 col-xl-6 bt_bb_vertical_align_top bt_bb_align_center bt_bb_padding_normal bt_bb_animation_fade_in animate\"  data-width=\"6\" data-bt-override-class=\"{}\"><div class=\"bt_bb_column_content\"><div class=\"bt_bb_column_content_inner\"><header class=\"bt_bb_headline bt_bb_font_weight_light bt_bb_color_scheme_5 bt_bb_dash_none bt_bb_superheadline bt_bb_size_normal bt_bb_align_inherit\" style=\"; --primary-color:#191919; --secondary-color:#00754e;\" data-bt-override-class=\"{}\"><h2 class=\"bt_bb_headline_tag\"><span class=\"bt_bb_headline_superheadline\">U10 Z\u00d6LD CSAPAT<\/span><span class=\"bt_bb_headline_content\"><span>CSAPATUNK <strong>EDZ\u0150JE<\/strong><\/span><\/span><\/h2><\/header><div class=\"bt_bb_separator_v2 bt_bb_border_style_none bt_bb_bottom_spacing_medium bt_bb_icon_size_normal bt_bb_text_size_normal bt_bb_separator_v2_without_content\" data-bt-override-class=\"null\"><div class=\"bt_bb_separator_v2_inner\"><span class=\"bt_bb_separator_v2_inner_before\"><\/span><span class=\"bt_bb_separator_v2_inner_content\"><span  data-ico-=\"\" class=\"bt_bb_icon_holder\"><\/span><\/span><span class=\"bt_bb_separator_v2_inner_after\"><\/span><\/div><\/div><\/div><\/div><\/div><div  class=\"bt_bb_column col-xxl-3 col-xl-3 bt_bb_vertical_align_top bt_bb_align_left bt_bb_padding_normal\"  data-width=\"3\" data-bt-override-class=\"{}\"><div class=\"bt_bb_column_content\"><div class=\"bt_bb_column_content_inner\"><\/div><\/div><\/div><\/div><\/div><\/div><!-- cell_inner --><\/div><!-- cell --><\/div><!-- port --><\/section><section id=\"bt_bb_section69d5f73f220fd\" class=\"bt_bb_section bt_bb_layout_boxed_900 bt_bb_vertical_align_top bt_bb_bottom_spacing_medium\"  data-bt-override-class=\"null\"><div class=\"bt_bb_port\"><div class=\"bt_bb_cell\"><div class=\"bt_bb_cell_inner\"><div class=\"bt_bb_row_wrapper\"><div  class=\"bt_bb_row\"  data-bt-override-class=\"{}\"><div  class=\"bt_bb_column col-xxl-12 col-xl-12 col-xs-12 col-sm-12 col-md-12 col-lg-12 bt_bb_vertical_align_top bt_bb_align_center bt_bb_padding_double bt_bb_animation_fade_in animate\"  data-width=\"12\" data-bt-override-class=\"{}\"><div class=\"bt_bb_column_content\"><div class=\"bt_bb_column_content_inner\"><div class=\"bt_bb_separator_v2 bt_bb_border_style_none bt_bb_bottom_spacing_normal bt_bb_icon_size_normal bt_bb_text_size_normal bt_bb_separator_v2_without_content\" data-bt-override-class=\"null\"><div class=\"bt_bb_separator_v2_inner\"><span class=\"bt_bb_separator_v2_inner_before\"><\/span><span class=\"bt_bb_separator_v2_inner_content\"><span  data-ico-=\"\" class=\"bt_bb_icon_holder\"><\/span><\/span><span class=\"bt_bb_separator_v2_inner_after\"><\/span><\/div><\/div><header data-bb-version=\"4.7.6\" class=\"bt_bb_headline bt_bb_subheadline_text_transform_default bt_bb_color_scheme_5 bt_bb_dash_none bt_bb_superheadline bt_bb_size_small bt_bb_align_inherit\" style=\"; --primary-color:#191919; --secondary-color:#00754e;\" data-bt-override-class=\"{&quot;bt_bb_size_&quot;:{&quot;current_class&quot;:&quot;bt_bb_size_small&quot;,&quot;xxl&quot;:&quot;small&quot;},&quot;bt_bb_align_&quot;:{&quot;current_class&quot;:&quot;bt_bb_align_inherit&quot;,&quot;xxl&quot;:&quot;inherit&quot;}}\"><h2 class=\"bt_bb_headline_tag\"><span class=\"bt_bb_headline_superheadline\">VEZET\u0150EDZ\u0150<\/span><span class=\"bt_bb_headline_content\"><span>G\u00e9nyi D\u00e1vid<br \/>\r\n<\/span><\/span><\/h2><\/header><div class=\"bt_bb_separator_v2 bt_bb_border_style_none bt_bb_bottom_spacing_small bt_bb_icon_size_normal bt_bb_text_size_normal bt_bb_separator_v2_without_content\" data-bt-override-class=\"null\"><div class=\"bt_bb_separator_v2_inner\"><span class=\"bt_bb_separator_v2_inner_before\"><\/span><span class=\"bt_bb_separator_v2_inner_content\"><span  data-ico-=\"\" class=\"bt_bb_icon_holder\"><\/span><\/span><span class=\"bt_bb_separator_v2_inner_after\"><\/span><\/div><\/div><div data-bb-version=\"4.7.6\" class=\"bt_bb_icon bt_bb_color_scheme_6 bt_bb_style_filled bt_bb_size_normal bt_bb_shape_circle bt_bb_target_blank bt_bb_align_inherit\" style=\"; --primary-color:#ffffff; --secondary-color:#00754e;\" data-bt-override-class=\"{&quot;bt_bb_size_&quot;:{&quot;current_class&quot;:&quot;bt_bb_size_normal&quot;,&quot;xxl&quot;:&quot;normal&quot;},&quot;bt_bb_align_&quot;:{&quot;current_class&quot;:&quot;bt_bb_align_inherit&quot;,&quot;xxl&quot;:&quot;inherit&quot;}}\"><a href=\"tel:06 70 414 1793\"  target=\"_blank\"  title=\"06 70 414 1793\"  data-ico-icon7stroke=\"&#xe627;\" class=\"bt_bb_icon_holder\"><span>06 70 414 1793<\/span><\/a><\/div><div data-bb-version=\"4.7.6\" class=\"bt_bb_icon bt_bb_color_scheme_6 bt_bb_style_filled bt_bb_size_normal bt_bb_shape_circle bt_bb_target_blank bt_bb_align_inherit\" style=\"; --primary-color:#ffffff; --secondary-color:#00754e;\" data-bt-override-class=\"{&quot;bt_bb_size_&quot;:{&quot;current_class&quot;:&quot;bt_bb_size_normal&quot;,&quot;xxl&quot;:&quot;normal&quot;},&quot;bt_bb_align_&quot;:{&quot;current_class&quot;:&quot;bt_bb_align_inherit&quot;,&quot;xxl&quot;:&quot;inherit&quot;}}\"><a href=\"mailto:genyi.david8@gmail.com\"  target=\"_blank\"  title=\"genyi.david8@gmail.com\"  data-ico-development=\"&#xf11d;\" class=\"bt_bb_icon_holder\"><span>genyi.david8@gmail.com<\/span><\/a><\/div><div class=\"bt_bb_separator_v2 bt_bb_border_style_none bt_bb_bottom_spacing_medium bt_bb_icon_size_normal bt_bb_text_size_normal bt_bb_separator_v2_without_content\" data-bt-override-class=\"null\"><div class=\"bt_bb_separator_v2_inner\"><span class=\"bt_bb_separator_v2_inner_before\"><\/span><span class=\"bt_bb_separator_v2_inner_content\"><span  data-ico-=\"\" class=\"bt_bb_icon_holder\"><\/span><\/span><span class=\"bt_bb_separator_v2_inner_after\"><\/span><\/div><\/div><\/div><\/div><\/div><\/div><\/div><\/div><!-- cell_inner --><\/div><!-- cell --><\/div><!-- port --><\/section><section data-bb-version=\"4.7.6\" id=\"bt_bb_section69d5f73f228c4\" class=\"bt_bb_section bt_bb_color_scheme_1 bt_bb_layout_boxed_1200 bt_bb_vertical_align_top bt_bb_background_overlay_dark_solid bt_bb_top_spacing_large bt_bb_bottom_spacing_medium\" style=\"; --section-primary-color:#ffffff; --section-secondary-color:#191919;;background-color:#ffffff;\" data-bt-override-class=\"{&quot;bt_bb_top_spacing_&quot;:{&quot;current_class&quot;:&quot;bt_bb_top_spacing_large&quot;,&quot;xxl&quot;:&quot;large&quot;},&quot;bt_bb_bottom_spacing_&quot;:{&quot;current_class&quot;:&quot;bt_bb_bottom_spacing_medium&quot;,&quot;xxl&quot;:&quot;medium&quot;}}\"><div class=\"bt_bb_background_image_holder_wrapper\"><div class=\"bt_bb_background_image_holder bt_bb_parallax\"  data-parallax=\"0.7\" data-parallax-offset=\"0\" data-parallax-zoom-start=\"1\" data-parallax-zoom-end=\"1\" data-parallax-blur-start=\"0\" data-parallax-blur-end=\"0\" data-parallax-opacity-start=\"1\" data-parallax-opacity-end=\"1\" style=\" background-image:url(&#039;https:\/\/kelensc.hu\/wp-content\/uploads\/2015\/08\/slider4.png&#039;);\"><\/div><\/div><div class=\"bt_bb_port\"><div class=\"bt_bb_cell\"><div class=\"bt_bb_cell_inner\"><div class=\"bt_bb_row_wrapper\"><div  class=\"bt_bb_row\"  data-bt-override-class=\"{}\"><div  class=\"bt_bb_column col-xxl-6 col-xl-6 bt_bb_vertical_align_middle bt_bb_align_left bt_bb_padding_normal bt_bb_animation_fade_in animate\"  data-width=\"6\" data-bt-override-class=\"{}\"><div class=\"bt_bb_column_content\"><div class=\"bt_bb_column_content_inner\"><header class=\"bt_bb_headline bt_bb_font_weight_light bt_bb_color_scheme_2 bt_bb_dash_none bt_bb_subheadline bt_bb_size_large bt_bb_align_inherit\" style=\"; --primary-color:#191919; --secondary-color:#ffffff;;color:#ffffff;border-color:#ffffff;\" data-bt-override-class=\"{}\"><h2 class=\"bt_bb_headline_tag\"><span class=\"bt_bb_headline_content\"><span><b>KELEN<\/b> SPORT CLUB<\/span><\/span><\/h2><div class=\"bt_bb_headline_subheadline\">U10 Z\u00d6LD CSAPATUNK<\/div><\/header><div class=\"bt_bb_separator_v2 bt_bb_border_style_none bt_bb_bottom_spacing_normal bt_bb_icon_size_normal bt_bb_text_size_normal bt_bb_separator_v2_without_content\" data-bt-override-class=\"null\"><div class=\"bt_bb_separator_v2_inner\"><span class=\"bt_bb_separator_v2_inner_before\"><\/span><span class=\"bt_bb_separator_v2_inner_content\"><span  data-ico-=\"\" class=\"bt_bb_icon_holder\"><\/span><\/span><span class=\"bt_bb_separator_v2_inner_after\"><\/span><\/div><\/div><div  class=\"bt_bb_text\" ><p>U10-es z\u00f6ld csapatunk a legfiatalabb, amelynek m\u00e1r alkalmazkodnia kell a lesszab\u00e1lyhoz, mik\u00f6zben nagyobb ter\u00fcleten, 35&#215;55 m\u00e9teres p\u00e1ly\u00e1n j\u00e1tszik hat mez\u0151nyj\u00e1t\u00e9kossal \u00e9s egy kapussal, 5&#215;2 m\u00e9teres kapukra. Koroszt\u00e1lyos legjobbjaink hetente \u00f6tsz\u00f6r\u00a0edzenek, melynek r\u00e9sze az egy\u00e9ni k\u00e9pz\u00e9s is, meccseiket pedig a kiemelt ut\u00e1np\u00f3tl\u00e1sm\u0171helyekhez hasonl\u00f3an a Dunamenti Lig\u00e1ban \u00e9s a TK torn\u00e1kon j\u00e1tssz\u00e1k.<\/p>\n<\/div><div class=\"bt_bb_separator_v2 bt_bb_border_style_none bt_bb_bottom_spacing_large bt_bb_icon_size_normal bt_bb_text_size_normal bt_bb_separator_v2_without_content\" data-bt-override-class=\"null\"><div class=\"bt_bb_separator_v2_inner\"><span class=\"bt_bb_separator_v2_inner_before\"><\/span><span class=\"bt_bb_separator_v2_inner_content\"><span  data-ico-=\"\" class=\"bt_bb_icon_holder\"><\/span><\/span><span class=\"bt_bb_separator_v2_inner_after\"><\/span><\/div><\/div><\/div><\/div><\/div><div  class=\"bt_bb_column col-xxl-6 col-xl-6 bt_bb_vertical_align_top bt_bb_align_left bt_bb_padding_normal\"  data-width=\"6\" data-bt-override-class=\"{}\"><div class=\"bt_bb_column_content\"><div class=\"bt_bb_column_content_inner\"><\/div><\/div><\/div><\/div><\/div><\/div><!-- cell_inner --><\/div><!-- cell --><\/div><!-- port --><\/section><section id=\"bt_bb_section69d5f73f2305e\" class=\"bt_bb_section bt_bb_layout_boxed_1200 bt_bb_vertical_align_top bt_bb_top_spacing_large bt_bb_bottom_spacing_medium\"  data-bt-override-class=\"null\"><div class=\"bt_bb_background_image_holder_wrapper\"><div class=\"bt_bb_background_image_holder bt_bb_parallax\"  data-parallax=\"0.7\" data-parallax-offset=\"0\" data-parallax-zoom-start=\"1\" data-parallax-zoom-end=\"1\" data-parallax-blur-start=\"0\" data-parallax-blur-end=\"0\" data-parallax-opacity-start=\"1\" data-parallax-opacity-end=\"1\" style=\" background-image:url(&#039;https:\/\/kelensc.hu\/wp-content\/uploads\/2017\/10\/inner_grey_background.jpg&#039;);\"><\/div><\/div><div class=\"bt_bb_port\"><div class=\"bt_bb_cell\"><div class=\"bt_bb_cell_inner\"><div class=\"bt_bb_row_wrapper\"><div  class=\"bt_bb_row\"  data-bt-override-class=\"{}\"><div  class=\"bt_bb_column col-xxl-12 col-xl-12 bt_bb_vertical_align_top bt_bb_align_left bt_bb_padding_normal bt_bb_animation_fade_in animate\"  data-width=\"12\" data-bt-override-class=\"{}\"><div class=\"bt_bb_column_content\"><div class=\"bt_bb_column_content_inner\"><header class=\"bt_bb_headline bt_bb_font_weight_light bt_bb_color_scheme_5 bt_bb_dash_none bt_bb_superheadline bt_bb_size_normal bt_bb_align_inherit\" style=\"; --primary-color:#191919; --secondary-color:#00754e;\" data-bt-override-class=\"{}\"><h2 class=\"bt_bb_headline_tag\"><span class=\"bt_bb_headline_superheadline\">EDZ\u00c9SEK<\/span><span class=\"bt_bb_headline_content\"><span>HETI <strong>MENETREND<\/strong><\/span><\/span><\/h2><\/header><div class=\"bt_bb_separator_v2 bt_bb_border_style_none bt_bb_bottom_spacing_normal bt_bb_icon_size_normal bt_bb_text_size_normal bt_bb_separator_v2_without_content\" data-bt-override-class=\"null\"><div class=\"bt_bb_separator_v2_inner\"><span class=\"bt_bb_separator_v2_inner_before\"><\/span><span class=\"bt_bb_separator_v2_inner_content\"><span  data-ico-=\"\" class=\"bt_bb_icon_holder\"><\/span><\/span><span class=\"bt_bb_separator_v2_inner_after\"><\/span><\/div><\/div><div class=\"bt_bb_row_wrapper\"><div  class=\"bt_bb_row_inner\"  data-bt-override-class=\"{}\"><div  class=\"bt_bb_column_inner col-xxl-12 col-xl-12 bt_bb_align_left bt_bb_vertical_align_top\"  data-width=\"12\" data-bt-override-class=\"{}\"><div class=\"bt_bb_column_inner_content\"><div data-bb-version=\"4.7.6\" class=\"bt_bb_timetable\"><div class=\"bt_bb_timetable_title_flex\"><div class=\"bt_bb_timetable_title\">U10 Z\u00d6LD<\/div><div class=\"bt_bb_timetable_location\">KELEN SC SPORTTELEP<\/div><\/div><div class=\"bt_bb_timetable_content\"><div class=\"bt_bb_timetable_inner_row\" data-day=\"\"><div class=\"bt_bb_timetable_day\"><span>H\u00c9TF\u0150 - Csapatedz\u00e9s<\/span><\/div><div class=\"bt_bb_timetable_time\"><span>16:30 - 18:00<\/span><\/div><\/div><div class=\"bt_bb_timetable_inner_row\"><div class=\"bt_bb_timetable_day\"><span>SZERDA - Csapatedz\u00e9s<\/span><\/div><div class=\"bt_bb_timetable_time\"><span>15:00 - 16:30<\/span><\/div><\/div><div class=\"bt_bb_timetable_inner_row\" data-day=\"\"><div class=\"bt_bb_timetable_day\"><span>CS\u00dcT\u00d6RT\u00d6K - Csapatedz\u00e9s<\/span><\/div><div class=\"bt_bb_timetable_time\"><span>16:30 - 18:00<\/span><\/div><\/div><div class=\"bt_bb_timetable_inner_row\"><div class=\"bt_bb_timetable_day\"><span>P\u00c9NTEK - Csapat edz\u00e9s<\/span><\/div><div class=\"bt_bb_timetable_time\"><span>16:30 - 18:00<\/span><\/div><\/div><\/div><\/div><div class=\"bt_bb_separator_v2 bt_bb_border_style_none bt_bb_top_spacing_small bt_bb_bottom_spacing_normal bt_bb_icon_size_normal bt_bb_text_size_normal bt_bb_separator_v2_without_content\" data-bt-override-class=\"null\"><div class=\"bt_bb_separator_v2_inner\"><span class=\"bt_bb_separator_v2_inner_before\"><\/span><span class=\"bt_bb_separator_v2_inner_content\"><span  data-ico-=\"\" class=\"bt_bb_icon_holder\"><\/span><\/span><span class=\"bt_bb_separator_v2_inner_after\"><\/span><\/div><\/div><\/div><\/div><\/div><\/div><\/div><\/div><\/div><\/div><\/div><\/div><!-- cell_inner --><\/div><!-- cell --><\/div><!-- port --><\/section>","protected":false},"excerpt":{"rendered":"","protected":false},"author":13,"featured_media":353,"parent":16116,"menu_order":0,"comment_status":"closed","ping_status":"closed","template":"","meta":{"inline_featured_image":false,"_exactmetrics_skip_tracking":false,"_exactmetrics_sitenote_active":false,"_exactmetrics_sitenote_note":"","_exactmetrics_sitenote_category":0,"footnotes":""},"_links":{"self":[{"href":"https:\/\/kelensc.hu\/index.php\/wp-json\/wp\/v2\/pages\/7119"}],"collection":[{"href":"https:\/\/kelensc.hu\/index.php\/wp-json\/wp\/v2\/pages"}],"about":[{"href":"https:\/\/kelensc.hu\/index.php\/wp-json\/wp\/v2\/types\/page"}],"author":[{"embeddable":true,"href":"https:\/\/kelensc.hu\/index.php\/wp-json\/wp\/v2\/users\/13"}],"replies":[{"embeddable":true,"href":"https:\/\/kelensc.hu\/index.php\/wp-json\/wp\/v2\/comments?post=7119"}],"version-history":[{"count":295,"href":"https:\/\/kelensc.hu\/index.php\/wp-json\/wp\/v2\/pages\/7119\/revisions"}],"predecessor-version":[{"id":21974,"href":"https:\/\/kelensc.hu\/index.php\/wp-json\/wp\/v2\/pages\/7119\/revisions\/21974"}],"up":[{"embeddable":true,"href":"https:\/\/kelensc.hu\/index.php\/wp-json\/wp\/v2\/pages\/16116"}],"wp:featuredmedia":[{"embeddable":true,"href":"https:\/\/kelensc.hu\/index.php\/wp-json\/wp\/v2\/media\/353"}],"wp:attachment":[{"href":"https:\/\/kelensc.hu\/index.php\/wp-json\/wp\/v2\/media?parent=7119"}],"curies":[{"name":"wp","href":"https:\/\/api.w.org\/{rel}","templated":true}]}}