{"id":182,"date":"2015-08-17T07:17:08","date_gmt":"2015-08-17T07:17:08","guid":{"rendered":"http:\/\/kelensc.hu\/?page_id=182"},"modified":"2021-02-26T11:23:33","modified_gmt":"2021-02-26T10:23:33","slug":"oregfiuk","status":"publish","type":"page","link":"https:\/\/kelensc.hu\/index.php\/felnottek\/oregfiuk\/","title":{"rendered":"\u00d6regfi\u00fak"},"content":{"rendered":"<section id=\"bt_bb_section69d893ee443bc\" class=\"bt_bb_section bt_bb_color_scheme_2 bt_bb_layout_boxed_1200 bt_bb_vertical_align_top\" style=\"; --section-primary-color:#191919; --section-secondary-color:#ffffff;\" data-bt-override-class=\"null\"><div class=\"bt_bb_port\"><div class=\"bt_bb_cell\"><div class=\"bt_bb_cell_inner\"><div class=\"bt_bb_row_wrapper\"><div  class=\"bt_bb_row\"  data-bt-override-class=\"{}\"><div  class=\"bt_bb_column col-xxl-6 col-xl-6 bt_bb_vertical_align_middle bt_bb_align_left bt_bb_padding_normal bt_bb_animation_fade_in animate\"  data-width=\"6\" data-bt-override-class=\"{}\"><div class=\"bt_bb_column_content\"><div class=\"bt_bb_column_content_inner\"><div class=\"bt_bb_image btMoveToEdge bt_bb_shape_square bt_bb_target_self bt_bb_align_inherit bt_bb_hover_style_simple bt_bb_content_display_always bt_bb_content_align_middle\" data-bt-override-class=\"{}\"><span><img width=\"960\" height=\"720\" src=\"https:\/\/kelensc.hu\/wp-content\/uploads\/2020\/06\/\u00f6regfi\u00fak-2.jpg\" class=\"attachment-full size-full\" alt=\"https:\/\/kelensc.hu\/wp-content\/uploads\/2020\/06\/\u00f6regfi\u00fak-2.jpg\" decoding=\"async\" data-full_image_src=\"https:\/\/kelensc.hu\/wp-content\/uploads\/2020\/06\/\u00f6regfi\u00fak-2.jpg\" title=\"\u00f6regfi\u00fak 2\" fetchpriority=\"high\" srcset=\"https:\/\/kelensc.hu\/wp-content\/uploads\/2020\/06\/\u00f6regfi\u00fak-2.jpg 960w, https:\/\/kelensc.hu\/wp-content\/uploads\/2020\/06\/\u00f6regfi\u00fak-2-640x480.jpg 640w, https:\/\/kelensc.hu\/wp-content\/uploads\/2020\/06\/\u00f6regfi\u00fak-2-768x576.jpg 768w, https:\/\/kelensc.hu\/wp-content\/uploads\/2020\/06\/\u00f6regfi\u00fak-2-320x240.jpg 320w, https:\/\/kelensc.hu\/wp-content\/uploads\/2020\/06\/\u00f6regfi\u00fak-2-382x287.jpg 382w, https:\/\/kelensc.hu\/wp-content\/uploads\/2020\/06\/\u00f6regfi\u00fak-2-641x481.jpg 641w\" sizes=\"(max-width: 960px) 100vw, 960px\" \/><\/span><\/div><\/div><\/div><\/div><div  class=\"bt_bb_column col-xxl-6 col-xl-6 bt_bb_vertical_align_middle bt_bb_align_left bt_bb_padding_normal bt_bb_animation_fade_in animate\"  data-width=\"6\" data-bt-override-class=\"{}\"><div class=\"bt_bb_column_content\"><div class=\"bt_bb_column_content_inner\"><div class=\"bt_bb_separator_v2 bt_bb_border_style_none bt_bb_bottom_spacing_medium bt_bb_icon_size_normal bt_bb_text_size_normal bt_bb_separator_v2_without_content\" data-bt-override-class=\"null\"><div class=\"bt_bb_separator_v2_inner\"><span class=\"bt_bb_separator_v2_inner_before\"><\/span><span class=\"bt_bb_separator_v2_inner_content\"><span  data-ico-=\"\" class=\"bt_bb_icon_holder\"><\/span><\/span><span class=\"bt_bb_separator_v2_inner_after\"><\/span><\/div><\/div><header class=\"bt_bb_headline bt_bb_font_weight_light bt_bb_color_scheme_5 bt_bb_dash_none bt_bb_size_large bt_bb_align_inherit\" style=\"; --primary-color:#191919; --secondary-color:#00754e;\" data-bt-override-class=\"{}\"><h2 class=\"bt_bb_headline_tag\"><span class=\"bt_bb_headline_content\"><span><strong>KELEN SC<\/strong><br \/>\r\n\u00d6REGFI\u00daK<\/span><\/span><\/h2><\/header><div class=\"bt_bb_separator_v2 bt_bb_border_style_none bt_bb_bottom_spacing_small bt_bb_icon_size_normal bt_bb_text_size_normal bt_bb_separator_v2_without_content\" data-bt-override-class=\"null\"><div class=\"bt_bb_separator_v2_inner\"><span class=\"bt_bb_separator_v2_inner_before\"><\/span><span class=\"bt_bb_separator_v2_inner_content\"><span  data-ico-=\"\" class=\"bt_bb_icon_holder\"><\/span><\/span><span class=\"bt_bb_separator_v2_inner_after\"><\/span><\/div><\/div><div  class=\"bt_bb_text\" ><p>A Kelen SC \u00f6regfi\u00fak csapata m\u00e1r j\u00f3 ideje k\u00e9pes egys\u00e9gben tartani a futball szerelmeseit a zeniten t\u00fal is, k\u00f6z\u00fcl\u00fck is legink\u00e1bb azokat, akik ezer sz\u00e1llal k\u00f6t\u0151dnek klubunkhoz. \u00c9kes p\u00e9lda erre, hogy kor\u00e1bban m\u00e9g eln\u00f6k\u00fcnk, Andreas van den Aker is \u00fcnnepelhetett bajnoki c\u00edmet a csapat tagjak\u00e9nt, a jelenlegi egy\u00fcttes pedig tele van kor\u00e1bbi Kelen-edz\u0151kkel \u00e9s Kelen-j\u00e1t\u00e9kosokkal. A 35 \u00e9vesn\u00e9l id\u0151sebbeknek ki\u00edrt versenyrendszerben m\u00e1r lassan t\u00edz \u00e9ve j\u00e1tszik egy\u00fctt a mostani csapat magja, amely a m\u00e1sodoszt\u00e1ly megnyer\u00e9s\u00e9t k\u00f6vet\u0151en \u00f6t szezonon \u00e1t volt ism\u00e9t az \u00e9lvonal tagja, a visszacs\u00fasz\u00e1st k\u00f6vet\u0151en pedig r\u00f6gt\u00f6n a feljut\u00e1sra t\u00f6rt, v\u00e9g\u00fcl a bajnoks\u00e1g lez\u00e1r\u00e1sakor a m\u00e1sodik helyen \u00e1llt a tabell\u00e1n.<\/p>\n<p>A vezet\u0151edz\u0151i posztot egym\u00e1s k\u00f6zt testv\u00e9riesen megoszt\u00f3 egy\u00fcttesn\u00e9l minden h\u00e9ten egy el\u0151re kijel\u00f6lt j\u00e1t\u00e9kos elk\u00e9pzel\u00e9sei szerint j\u00e1tszik a csapat, amely a t\u00e9tm\u00e9rk\u0151z\u00e9sek k\u00f6z\u00f6tti szinten tart\u00e1s \u00e9rdek\u00e9ben a Feh\u00e9rv\u00e1ri \u00fati bajnoks\u00e1gban edz j\u00e1t\u00e9k k\u00f6zben, \u00e9s szint\u00e9n t\u00e9tre.<\/p>\n<\/div><div class=\"bt_bb_separator_v2 bt_bb_border_style_none bt_bb_bottom_spacing_medium bt_bb_icon_size_normal bt_bb_text_size_normal bt_bb_separator_v2_without_content\" data-bt-override-class=\"null\"><div class=\"bt_bb_separator_v2_inner\"><span class=\"bt_bb_separator_v2_inner_before\"><\/span><span class=\"bt_bb_separator_v2_inner_content\"><span  data-ico-=\"\" class=\"bt_bb_icon_holder\"><\/span><\/span><span class=\"bt_bb_separator_v2_inner_after\"><\/span><\/div><\/div><\/div><\/div><\/div><\/div><\/div><\/div><!-- cell_inner --><\/div><!-- cell --><\/div><!-- port --><\/section><section id=\"bt_bb_section69d893ee450a2\" class=\"bt_bb_section bt_bb_layout_boxed_1200\"  data-bt-override-class=\"null\"><div class=\"bt_bb_port\"><div class=\"bt_bb_cell\"><div class=\"bt_bb_cell_inner\"><div class=\"bt_bb_row_wrapper\"><div  class=\"bt_bb_row\"  data-bt-override-class=\"{}\"><div  class=\"bt_bb_column col-xxl-6 col-xl-6 col-xs-12 col-sm-6 col-md-6 col-lg-6 bt_bb_vertical_align_top bt_bb_align_left bt_bb_padding_normal\"  data-width=\"6\" data-bt-override-class=\"{}\"><div class=\"bt_bb_column_content\"><div class=\"bt_bb_column_content_inner\"><\/div><\/div><\/div><div  class=\"bt_bb_column col-xxl-6 col-xl-6 col-xs-12 col-sm-6 col-md-6 col-lg-6 bt_bb_vertical_align_top bt_bb_align_left bt_bb_padding_normal\" style=\"background-color:rgba(255, 255, 255, 1);\" data-width=\"6\" data-bt-override-class=\"{&quot;bt_bb_align_&quot;:{&quot;current_class&quot;:&quot;bt_bb_align_left&quot;,&quot;xxl&quot;:&quot;left&quot;,&quot;xl&quot;:&quot;left&quot;}}\"><div class=\"bt_bb_column_content\" style=\"background-color:rgba(255, 255, 255, 1);\"><div class=\"bt_bb_column_content_inner\"><div class=\"bt_bb_tabs bt_bb_color_scheme_4 bt_bb_style_filled bt_bb_shape_rounded\" style=\"; --tabs-primary-color:#00754e; --tabs-secondary-color:#ffffff;\" data-bt-override-class=\"{}\"><ul class=\"bt_bb_tabs_header\"><li><span>F\u00c9RFI FELN\u0150TT I.<\/span><\/li><li><span>F\u00c9RFI FELN\u0150TT I.<\/span><\/li><li><span>F\u00c9RFI FELN\u0150TT I.<\/span><\/li><\/ul><div class=\"bt_bb_tabs_tabs\"><div class=\"bt_bb_tab_item\">\r\n\t\t\t<div class=\"bt_bb_tab_content\"><div class=\"bt_bb_scheduled_game btWithLink\"><div class=\"bt_bb_scheduled_game_image\"><img src=\"https:\/\/kelensc.hu\/wp-content\/uploads\/2020\/08\/unnamed-3.png\" alt=\"KELEN SC - TESTV\u00c9RIS\u00c9G SE\"><\/div><div class=\"bt_bb_scheduled_game_headline\"><a href=\"http:\/\/FELNOTT-I\" target=\"_self\" class=\"bt_bb_scheduled_game_url\"><div class=\"bt_bb_scheduled_game_title\">KELEN SC - TESTV\u00c9RIS\u00c9G SE<\/div><\/a><div class=\"bt_bb_scheduled_game_subtitle\">2021.02.28.<\/div><\/div><\/div><\/div>\r\n\t\t<\/div><div class=\"bt_bb_tab_item\">\r\n\t\t\t<div class=\"bt_bb_tab_content\"><div class=\"bt_bb_scheduled_game btWithLink\"><div class=\"bt_bb_scheduled_game_image\"><img src=\"https:\/\/kelensc.hu\/wp-content\/uploads\/2020\/08\/unnamed-3.png\" alt=\"KELEN SC - TESTV\u00c9RIS\u00c9G SE\"><\/div><div class=\"bt_bb_scheduled_game_headline\"><a href=\"http:\/\/FELNOTT-I\" target=\"_self\" class=\"bt_bb_scheduled_game_url\"><div class=\"bt_bb_scheduled_game_title\">KELEN SC - TESTV\u00c9RIS\u00c9G SE<\/div><\/a><div class=\"bt_bb_scheduled_game_subtitle\">2021.02.28.<\/div><\/div><\/div><\/div>\r\n\t\t<\/div><div class=\"bt_bb_tab_item\">\r\n\t\t\t<div class=\"bt_bb_tab_content\"><div class=\"bt_bb_scheduled_game btWithLink\"><div class=\"bt_bb_scheduled_game_image\"><img src=\"https:\/\/kelensc.hu\/wp-content\/uploads\/2020\/08\/unnamed-3.png\" alt=\"KELEN SC - TESTV\u00c9RIS\u00c9G SE\"><\/div><div class=\"bt_bb_scheduled_game_headline\"><a href=\"http:\/\/FELNOTT-I\" target=\"_self\" class=\"bt_bb_scheduled_game_url\"><div class=\"bt_bb_scheduled_game_title\">KELEN SC - TESTV\u00c9RIS\u00c9G SE<\/div><\/a><div class=\"bt_bb_scheduled_game_subtitle\">2021.02.28.<\/div><\/div><\/div><\/div>\r\n\t\t<\/div><\/div><\/div><\/div><\/div><\/div><\/div><\/div><\/div><!-- cell_inner --><\/div><!-- cell --><\/div><!-- port --><\/section>","protected":false},"excerpt":{"rendered":"","protected":false},"author":1,"featured_media":353,"parent":15598,"menu_order":0,"comment_status":"closed","ping_status":"closed","template":"","meta":{"inline_featured_image":false,"_exactmetrics_skip_tracking":false,"_exactmetrics_sitenote_active":false,"_exactmetrics_sitenote_note":"","_exactmetrics_sitenote_category":0,"footnotes":""},"_links":{"self":[{"href":"https:\/\/kelensc.hu\/index.php\/wp-json\/wp\/v2\/pages\/182"}],"collection":[{"href":"https:\/\/kelensc.hu\/index.php\/wp-json\/wp\/v2\/pages"}],"about":[{"href":"https:\/\/kelensc.hu\/index.php\/wp-json\/wp\/v2\/types\/page"}],"author":[{"embeddable":true,"href":"https:\/\/kelensc.hu\/index.php\/wp-json\/wp\/v2\/users\/1"}],"replies":[{"embeddable":true,"href":"https:\/\/kelensc.hu\/index.php\/wp-json\/wp\/v2\/comments?post=182"}],"version-history":[{"count":45,"href":"https:\/\/kelensc.hu\/index.php\/wp-json\/wp\/v2\/pages\/182\/revisions"}],"predecessor-version":[{"id":17933,"href":"https:\/\/kelensc.hu\/index.php\/wp-json\/wp\/v2\/pages\/182\/revisions\/17933"}],"up":[{"embeddable":true,"href":"https:\/\/kelensc.hu\/index.php\/wp-json\/wp\/v2\/pages\/15598"}],"wp:featuredmedia":[{"embeddable":true,"href":"https:\/\/kelensc.hu\/index.php\/wp-json\/wp\/v2\/media\/353"}],"wp:attachment":[{"href":"https:\/\/kelensc.hu\/index.php\/wp-json\/wp\/v2\/media?parent=182"}],"curies":[{"name":"wp","href":"https:\/\/api.w.org\/{rel}","templated":true}]}}