{"id":17875,"date":"2021-02-25T12:15:20","date_gmt":"2021-02-25T11:15:20","guid":{"rendered":"https:\/\/kelensc.hu\/index.php\/reklamtabla-szponzoracio-copy\/"},"modified":"2023-12-01T09:36:46","modified_gmt":"2023-12-01T08:36:46","slug":"heti-merkozesek","status":"publish","type":"page","link":"https:\/\/kelensc.hu\/index.php\/heti-merkozesek\/","title":{"rendered":"Heti m\u00e9rk\u0151z\u00e9sek"},"content":{"rendered":"<section id=\"bt_bb_section69e81719ad8e7\" class=\"bt_bb_section bt_bb_layout_boxed_1200 bt_bb_vertical_align_top bt_bb_bottom_spacing_large bt_bb_top_negative_margin_normal\"  data-bt-override-class=\"null\"><div class=\"bt_bb_port\"><div class=\"bt_bb_cell\"><div class=\"bt_bb_cell_inner\"><div class=\"bt_bb_row_wrapper\"><div  class=\"bt_bb_row bt_bb_column_gap_15\"  data-bt-override-class=\"{}\"><div  class=\"bt_bb_column col-xxl-12 col-xl-12 col-xs-12 col-sm-12 col-md-12 col-lg-12 bt_bb_vertical_align_top bt_bb_align_left bt_bb_padding_double bt_bb_animation_fade_in animate\"  data-width=\"12\" data-bt-override-class=\"{}\"><div class=\"bt_bb_column_content\" style=\"background-color:rgba(255, 255, 255, 1);\"><div class=\"bt_bb_column_content_inner\"><div class=\"bt_bb_separator_v2 bt_bb_border_style_none bt_bb_bottom_spacing_normal bt_bb_icon_size_normal bt_bb_text_size_normal bt_bb_separator_v2_without_content\" data-bt-override-class=\"null\"><div class=\"bt_bb_separator_v2_inner\"><span class=\"bt_bb_separator_v2_inner_before\"><\/span><span class=\"bt_bb_separator_v2_inner_content\"><span  data-ico-=\"\" class=\"bt_bb_icon_holder\"><\/span><\/span><span class=\"bt_bb_separator_v2_inner_after\"><\/span><\/div><\/div><header data-bb-version=\"4.7.6\" class=\"bt_bb_headline bt_bb_subheadline_text_transform_default bt_bb_color_scheme_5 bt_bb_dash_none bt_bb_superheadline bt_bb_size_medium bt_bb_align_inherit\" style=\"; --primary-color:#191919; --secondary-color:#00754e;\" data-bt-override-class=\"{&quot;bt_bb_size_&quot;:{&quot;current_class&quot;:&quot;bt_bb_size_medium&quot;,&quot;xxl&quot;:&quot;medium&quot;},&quot;bt_bb_align_&quot;:{&quot;current_class&quot;:&quot;bt_bb_align_inherit&quot;,&quot;xxl&quot;:&quot;inherit&quot;}}\"><h1 class=\"bt_bb_headline_tag\"><span class=\"bt_bb_headline_superheadline\">2023\/24'<\/span><span class=\"bt_bb_headline_content\"><span><strong>2023. NOVEMBER-DECEMBER<\/strong> 27 - 03.<\/span><\/span><\/h1><\/header><div class=\"bt_bb_separator_v2 bt_bb_border_style_none bt_bb_bottom_spacing_normal bt_bb_icon_size_normal bt_bb_text_size_normal bt_bb_separator_v2_without_content\" data-bt-override-class=\"null\"><div class=\"bt_bb_separator_v2_inner\"><span class=\"bt_bb_separator_v2_inner_before\"><\/span><span class=\"bt_bb_separator_v2_inner_content\"><span  data-ico-=\"\" class=\"bt_bb_icon_holder\"><\/span><\/span><span class=\"bt_bb_separator_v2_inner_after\"><\/span><\/div><\/div><table data-bb-version=\"4.7.6\" class=\"bt_bb_table\"><tr class=\"bt_bb_table_row\"><td class=\"bt_bb_table_value\"><span>Csapat<\/span><\/td><td class=\"bt_bb_table_value\"><span>Hazai<\/span><\/td><td class=\"bt_bb_table_value\"><span>Vend\u00e9g<\/span><\/td><td class=\"bt_bb_table_value\"><span>D\u00e1tum<\/span><\/td><td class=\"bt_bb_table_value\"><span>Nap<\/span><\/td><td class=\"bt_bb_table_value\"><span>Kezd\u00e9s<\/span><\/td><td class=\"bt_bb_table_value\"><span>Helysz\u00edn<\/span><\/td><\/tr><tr class=\"bt_bb_table_row\"><td class=\"bt_bb_table_value\"><span>Feln\u0151tt NBIII<\/span><\/td><td class=\"bt_bb_table_value\"><span><\/span><\/td><td class=\"bt_bb_table_value\"><span><\/span><\/td><td class=\"bt_bb_table_value\"><span><\/span><\/td><td class=\"bt_bb_table_value\"><span><\/span><\/td><td class=\"bt_bb_table_value\"><span><\/span><\/td><td class=\"bt_bb_table_value\"><span><\/span><\/td><\/tr><tr class=\"bt_bb_table_row\"><td class=\"bt_bb_table_value\"><span>Feln\u0151tt BLSZII<\/span><\/td><td class=\"bt_bb_table_value\"><span><\/span><\/td><td class=\"bt_bb_table_value\"><span><\/span><\/td><td class=\"bt_bb_table_value\"><span><\/span><\/td><td class=\"bt_bb_table_value\"><span><\/span><\/td><td class=\"bt_bb_table_value\"><span><\/span><\/td><td class=\"bt_bb_table_value\"><span><\/span><\/td><\/tr><tr class=\"bt_bb_table_row\"><td class=\"bt_bb_table_value\"><span>Feln\u0151tt III<\/span><\/td><td class=\"bt_bb_table_value\"><span><\/span><\/td><td class=\"bt_bb_table_value\"><span><\/span><\/td><td class=\"bt_bb_table_value\"><span><\/span><\/td><td class=\"bt_bb_table_value\"><span><\/span><\/td><td class=\"bt_bb_table_value\"><span><\/span><\/td><td class=\"bt_bb_table_value\"><span><\/span><\/td><\/tr><tr class=\"bt_bb_table_row\"><td class=\"bt_bb_table_value\"><span>\u00d6regfi\u00fak<\/span><\/td><td class=\"bt_bb_table_value\"><span><\/span><\/td><td class=\"bt_bb_table_value\"><span><\/span><\/td><td class=\"bt_bb_table_value\"><span><\/span><\/td><td class=\"bt_bb_table_value\"><span><\/span><\/td><td class=\"bt_bb_table_value\"><span><\/span><\/td><td class=\"bt_bb_table_value\"><span><\/span><\/td><\/tr><tr class=\"bt_bb_table_row\"><td class=\"bt_bb_table_value\"><span>Veter\u00e1n<\/span><\/td><td class=\"bt_bb_table_value\"><span><\/span><\/td><td class=\"bt_bb_table_value\"><span><\/span><\/td><td class=\"bt_bb_table_value\"><span><\/span><\/td><td class=\"bt_bb_table_value\"><span><\/span><\/td><td class=\"bt_bb_table_value\"><span><\/span><\/td><td class=\"bt_bb_table_value\"><span><\/span><\/td><\/tr><tr class=\"bt_bb_table_row\"><td class=\"bt_bb_table_value\"><span>Old Boys<\/span><\/td><td class=\"bt_bb_table_value\"><span><\/span><\/td><td class=\"bt_bb_table_value\"><span><\/span><\/td><td class=\"bt_bb_table_value\"><span><\/span><\/td><td class=\"bt_bb_table_value\"><span><\/span><\/td><td class=\"bt_bb_table_value\"><span><\/span><\/td><td class=\"bt_bb_table_value\"><span><\/span><\/td><\/tr><tr class=\"bt_bb_table_row\"><td class=\"bt_bb_table_value\"><span>Feln\u0151tt N\u0151i NBII<\/span><\/td><td class=\"bt_bb_table_value\"><span>Vasas<\/span><\/td><td class=\"bt_bb_table_value\"><span>Kelen SC<\/span><\/td><td class=\"bt_bb_table_value\"><span>dec.2<\/span><\/td><td class=\"bt_bb_table_value\"><span>szombat<\/span><\/td><td class=\"bt_bb_table_value\"><span>16:30<\/span><\/td><td class=\"bt_bb_table_value\"><span>Vasas Sporttelep<\/span><\/td><\/tr><tr class=\"bt_bb_table_row\"><td class=\"bt_bb_table_value\"><span>U19 Kiemelt Region\u00e1lis<\/span><\/td><td class=\"bt_bb_table_value\"><span>Kelen SC<\/span><\/td><td class=\"bt_bb_table_value\"><span>Kir\u00e1ly SE<\/span><\/td><td class=\"bt_bb_table_value\"><span>dec. 2<\/span><\/td><td class=\"bt_bb_table_value\"><span>szombat<\/span><\/td><td class=\"bt_bb_table_value\"><span>12:00<\/span><\/td><td class=\"bt_bb_table_value\"><span>Kelen SC Sporttelep<\/span><\/td><\/tr><tr class=\"bt_bb_table_row\"><td class=\"bt_bb_table_value\"><span>U17 Alap Orsz\u00e1gos<\/span><\/td><td class=\"bt_bb_table_value\"><span>PMFC<\/span><\/td><td class=\"bt_bb_table_value\"><span>Kelen SC<\/span><\/td><td class=\"bt_bb_table_value\"><span>dec.2<\/span><\/td><td class=\"bt_bb_table_value\"><span>szombat<\/span><\/td><td class=\"bt_bb_table_value\"><span>12:00<\/span><\/td><td class=\"bt_bb_table_value\"><span>PMFC Kov\u00e1cstelep Sporttelep<\/span><\/td><\/tr><tr class=\"bt_bb_table_row\"><td class=\"bt_bb_table_value\"><span>U16 Alap Orsz\u00e1gos<\/span><\/td><td class=\"bt_bb_table_value\"><span>Kelen SC<\/span><\/td><td class=\"bt_bb_table_value\"><span>Gyirm\u00f3t<\/span><\/td><td class=\"bt_bb_table_value\"><span>dec. 2<\/span><\/td><td class=\"bt_bb_table_value\"><span>szombat<\/span><\/td><td class=\"bt_bb_table_value\"><span>16:00<\/span><\/td><td class=\"bt_bb_table_value\"><span>Kelen SC Sporttelep<\/span><\/td><\/tr><tr class=\"bt_bb_table_row\"><td class=\"bt_bb_table_value\"><span>U15 Alap Orsz\u00e1gos<\/span><\/td><td class=\"bt_bb_table_value\"><span><\/span><\/td><td class=\"bt_bb_table_value\"><span><\/span><\/td><td class=\"bt_bb_table_value\"><span><\/span><\/td><td class=\"bt_bb_table_value\"><span><\/span><\/td><td class=\"bt_bb_table_value\"><span><\/span><\/td><td class=\"bt_bb_table_value\"><span><\/span><\/td><\/tr><tr class=\"bt_bb_table_row\"><td class=\"bt_bb_table_value\"><span>U14 Alap Orsz\u00e1gos<\/span><\/td><td class=\"bt_bb_table_value\"><span><\/span><\/td><td class=\"bt_bb_table_value\"><span><\/span><\/td><td class=\"bt_bb_table_value\"><span><\/span><\/td><td class=\"bt_bb_table_value\"><span><\/span><\/td><td class=\"bt_bb_table_value\"><span><\/span><\/td><td class=\"bt_bb_table_value\"><span><\/span><\/td><\/tr><tr class=\"bt_bb_table_row\"><td class=\"bt_bb_table_value\"><span>U13 D\u00e9l-Nyugat<\/span><\/td><td class=\"bt_bb_table_value\"><span>Felcs\u00fat SE<\/span><\/td><td class=\"bt_bb_table_value\"><span>Kelen SC<\/span><\/td><td class=\"bt_bb_table_value\"><span>dec.2<\/span><\/td><td class=\"bt_bb_table_value\"><span>szombat<\/span><\/td><td class=\"bt_bb_table_value\"><span>12:00<\/span><\/td><td class=\"bt_bb_table_value\"><span>Pusk\u00e1s Akad\u00e9mia Pancho Ar\u00e9na<\/span><\/td><\/tr><tr class=\"bt_bb_table_row\"><td class=\"bt_bb_table_value\"><span>U12 D\u00e9l-Nyugat<\/span><\/td><td class=\"bt_bb_table_value\"><span>Felcs\u00fat SE<\/span><\/td><td class=\"bt_bb_table_value\"><span>Kelen SC<\/span><\/td><td class=\"bt_bb_table_value\"><span>dec.2<\/span><\/td><td class=\"bt_bb_table_value\"><span>szombat<\/span><\/td><td class=\"bt_bb_table_value\"><span>12:00<\/span><\/td><td class=\"bt_bb_table_value\"><span>Pusk\u00e1s Akad\u00e9mia Pancho Ar\u00e9na<\/span><\/td><\/tr><tr class=\"bt_bb_table_row\"><td class=\"bt_bb_table_value\"><span>U10 Z\u00f6ld<\/span><\/td><td class=\"bt_bb_table_value\"><span><\/span><\/td><td class=\"bt_bb_table_value\"><span><\/span><\/td><td class=\"bt_bb_table_value\"><span><\/span><\/td><td class=\"bt_bb_table_value\"><span><\/span><\/td><td class=\"bt_bb_table_value\"><span><\/span><\/td><td class=\"bt_bb_table_value\"><span><\/span><\/td><\/tr><tr class=\"bt_bb_table_row\"><td class=\"bt_bb_table_value\"><span>U11<\/span><\/td><td class=\"bt_bb_table_value\"><span><\/span><\/td><td class=\"bt_bb_table_value\"><span><\/span><\/td><td class=\"bt_bb_table_value\"><span><\/span><\/td><td class=\"bt_bb_table_value\"><span><\/span><\/td><td class=\"bt_bb_table_value\"><span><\/span><\/td><td class=\"bt_bb_table_value\"><span><\/span><\/td><\/tr><tr class=\"bt_bb_table_row\"><td class=\"bt_bb_table_value\"><span>U9\/Z\u00f6ld<\/span><\/td><td class=\"bt_bb_table_value\"><span><\/span><\/td><td class=\"bt_bb_table_value\"><span>,<\/span><\/td><td class=\"bt_bb_table_value\"><span><\/span><\/td><td class=\"bt_bb_table_value\"><span><\/span><\/td><td class=\"bt_bb_table_value\"><span><\/span><\/td><td class=\"bt_bb_table_value\"><span><\/span><\/td><\/tr><tr class=\"bt_bb_table_row\"><td class=\"bt_bb_table_value\"><span>U7-8-9<\/span><\/td><td class=\"bt_bb_table_value\"><span><\/span><\/td><td class=\"bt_bb_table_value\"><span><\/span><\/td><td class=\"bt_bb_table_value\"><span><\/span><\/td><td class=\"bt_bb_table_value\"><span><\/span><\/td><td class=\"bt_bb_table_value\"><span><\/span><\/td><td class=\"bt_bb_table_value\"><span><\/span><\/td><\/tr><tr class=\"bt_bb_table_row\"><td class=\"bt_bb_table_value\"><span>U19 Le\u00e1ny<\/span><\/td><td class=\"bt_bb_table_value\"><span><\/span><\/td><td class=\"bt_bb_table_value\"><span><\/span><\/td><td class=\"bt_bb_table_value\"><span><\/span><\/td><td class=\"bt_bb_table_value\"><span><\/span><\/td><td class=\"bt_bb_table_value\"><span><\/span><\/td><td class=\"bt_bb_table_value\"><span><\/span><\/td><\/tr><tr class=\"bt_bb_table_row\"><td class=\"bt_bb_table_value\"><span>U16 Le\u00e1ny<\/span><\/td><td class=\"bt_bb_table_value\"><span><\/span><\/td><td class=\"bt_bb_table_value\"><span><\/span><\/td><td class=\"bt_bb_table_value\"><span><\/span><\/td><td class=\"bt_bb_table_value\"><span><\/span><\/td><td class=\"bt_bb_table_value\"><span><\/span><\/td><td class=\"bt_bb_table_value\"><span><\/span><\/td><\/tr><tr class=\"bt_bb_table_row\"><td class=\"bt_bb_table_value\"><span>U14 Le\u00e1ny<\/span><\/td><td class=\"bt_bb_table_value\"><span><\/span><\/td><td class=\"bt_bb_table_value\"><span><\/span><\/td><td class=\"bt_bb_table_value\"><span><\/span><\/td><td class=\"bt_bb_table_value\"><span><\/span><\/td><td class=\"bt_bb_table_value\"><span><\/span><\/td><td class=\"bt_bb_table_value\"><span><\/span><\/td><\/tr><tr class=\"bt_bb_table_row\"><td class=\"bt_bb_table_value\"><span>U12 Le\u00e1ny<\/span><\/td><td class=\"bt_bb_table_value\"><span><\/span><\/td><td class=\"bt_bb_table_value\"><span><\/span><\/td><td class=\"bt_bb_table_value\"><span><\/span><\/td><td class=\"bt_bb_table_value\"><span><\/span><\/td><td class=\"bt_bb_table_value\"><span><\/span><\/td><td class=\"bt_bb_table_value\"><span><\/span><\/td><\/tr><tr class=\"bt_bb_table_row\"><td class=\"bt_bb_table_value\"><span>U10 Le\u00e1ny<\/span><\/td><td class=\"bt_bb_table_value\"><span><\/span><\/td><td class=\"bt_bb_table_value\"><span><\/span><\/td><td class=\"bt_bb_table_value\"><span><\/span><\/td><td class=\"bt_bb_table_value\"><span><\/span><\/td><td class=\"bt_bb_table_value\"><span><\/span><\/td><td class=\"bt_bb_table_value\"><span><\/span><\/td><\/tr><tr class=\"bt_bb_table_row\"><td class=\"bt_bb_table_value\"><span>U19 Feh\u00e9r<\/span><\/td><td class=\"bt_bb_table_value\"><span>Kelen SC<\/span><\/td><td class=\"bt_bb_table_value\"><span>Testv\u00e9ris\u00e9g U17<\/span><\/td><td class=\"bt_bb_table_value\"><span>dec.1<\/span><\/td><td class=\"bt_bb_table_value\"><span>p\u00e9ntek<\/span><\/td><td class=\"bt_bb_table_value\"><span>18:00<\/span><\/td><td class=\"bt_bb_table_value\"><span>Kelen SC Sporttelep<\/span><\/td><\/tr><tr class=\"bt_bb_table_row\"><td class=\"bt_bb_table_value\"><span>U17 Feh\u00e9r<\/span><\/td><td class=\"bt_bb_table_value\"><span><\/span><\/td><td class=\"bt_bb_table_value\"><span><\/span><\/td><td class=\"bt_bb_table_value\"><span><\/span><\/td><td class=\"bt_bb_table_value\"><span><\/span><\/td><td class=\"bt_bb_table_value\"><span><\/span><\/td><td class=\"bt_bb_table_value\"><span><\/span><\/td><\/tr><tr class=\"bt_bb_table_row\"><td class=\"bt_bb_table_value\"><span>U16 Feh\u00e9r<\/span><\/td><td class=\"bt_bb_table_value\"><span><\/span><\/td><td class=\"bt_bb_table_value\"><span><\/span><\/td><td class=\"bt_bb_table_value\"><span><\/span><\/td><td class=\"bt_bb_table_value\"><span><\/span><\/td><td class=\"bt_bb_table_value\"><span><\/span><\/td><td class=\"bt_bb_table_value\"><span><\/span><\/td><\/tr><tr class=\"bt_bb_table_row\"><td class=\"bt_bb_table_value\"><span>U15 Feh\u00e9r<\/span><\/td><td class=\"bt_bb_table_value\"><span><\/span><\/td><td class=\"bt_bb_table_value\"><span><\/span><\/td><td class=\"bt_bb_table_value\"><span><\/span><\/td><td class=\"bt_bb_table_value\"><span><\/span><\/td><td class=\"bt_bb_table_value\"><span><\/span><\/td><td class=\"bt_bb_table_value\"><span><\/span><\/td><\/tr><tr class=\"bt_bb_table_row\"><td class=\"bt_bb_table_value\"><span>U14 Feh\u00e9r<\/span><\/td><td class=\"bt_bb_table_value\"><span><\/span><\/td><td class=\"bt_bb_table_value\"><span><\/span><\/td><td class=\"bt_bb_table_value\"><span><\/span><\/td><td class=\"bt_bb_table_value\"><span><\/span><\/td><td class=\"bt_bb_table_value\"><span><\/span><\/td><td class=\"bt_bb_table_value\"><span><\/span><\/td><\/tr><tr class=\"bt_bb_table_row\"><td class=\"bt_bb_table_value\"><span>U13 Feh\u00e9r<\/span><\/td><td class=\"bt_bb_table_value\"><span>Kelen Talents<\/span><\/td><td class=\"bt_bb_table_value\"><span>Kispest SE<\/span><\/td><td class=\"bt_bb_table_value\"><span>dec. 2<\/span><\/td><td class=\"bt_bb_table_value\"><span>szombat<\/span><\/td><td class=\"bt_bb_table_value\"><span>10:00<\/span><\/td><td class=\"bt_bb_table_value\"><span>Kelen SC Sporttelep<\/span><\/td><\/tr><tr class=\"bt_bb_table_row\"><td class=\"bt_bb_table_value\"><span>U12 Feh\u00e9r<\/span><\/td><td class=\"bt_bb_table_value\"><span>II. Ker. UFC II.<\/span><\/td><td class=\"bt_bb_table_value\"><span>Kelen Talents<\/span><\/td><td class=\"bt_bb_table_value\"><span>dec. 3<\/span><\/td><td class=\"bt_bb_table_value\"><span>vas\u00e1rnap<\/span><\/td><td class=\"bt_bb_table_value\"><span>10:00<\/span><\/td><td class=\"bt_bb_table_value\"><span>Panor\u00e1ma Sportk\u00f6zpont<\/span><\/td><\/tr><tr class=\"bt_bb_table_row\"><td class=\"bt_bb_table_value\"><span>U14-15\/Piros<\/span><\/td><td class=\"bt_bb_table_value\"><span><\/span><\/td><td class=\"bt_bb_table_value\"><span><\/span><\/td><td class=\"bt_bb_table_value\"><span><\/span><\/td><td class=\"bt_bb_table_value\"><span><\/span><\/td><td class=\"bt_bb_table_value\"><span><\/span><\/td><td class=\"bt_bb_table_value\"><span><\/span><\/td><\/tr><tr class=\"bt_bb_table_row\"><td class=\"bt_bb_table_value\"><span><\/span><\/td><\/tr><\/table><div class=\"bt_bb_separator_v2 bt_bb_border_style_none bt_bb_bottom_spacing_medium bt_bb_icon_size_normal bt_bb_text_size_normal bt_bb_separator_v2_without_content\" data-bt-override-class=\"null\"><div class=\"bt_bb_separator_v2_inner\"><span class=\"bt_bb_separator_v2_inner_before\"><\/span><span class=\"bt_bb_separator_v2_inner_content\"><span  data-ico-=\"\" class=\"bt_bb_icon_holder\"><\/span><\/span><span class=\"bt_bb_separator_v2_inner_after\"><\/span><\/div><\/div><\/div><\/div><\/div><\/div><\/div><\/div><!-- cell_inner --><\/div><!-- cell --><\/div><!-- port --><\/section>","protected":false},"excerpt":{"rendered":"","protected":false},"author":1,"featured_media":353,"parent":0,"menu_order":0,"comment_status":"closed","ping_status":"closed","template":"","meta":{"inline_featured_image":false,"_exactmetrics_skip_tracking":false,"_exactmetrics_sitenote_active":false,"_exactmetrics_sitenote_note":"","_exactmetrics_sitenote_category":0,"footnotes":""},"_links":{"self":[{"href":"https:\/\/kelensc.hu\/index.php\/wp-json\/wp\/v2\/pages\/17875"}],"collection":[{"href":"https:\/\/kelensc.hu\/index.php\/wp-json\/wp\/v2\/pages"}],"about":[{"href":"https:\/\/kelensc.hu\/index.php\/wp-json\/wp\/v2\/types\/page"}],"author":[{"embeddable":true,"href":"https:\/\/kelensc.hu\/index.php\/wp-json\/wp\/v2\/users\/1"}],"replies":[{"embeddable":true,"href":"https:\/\/kelensc.hu\/index.php\/wp-json\/wp\/v2\/comments?post=17875"}],"version-history":[{"count":113,"href":"https:\/\/kelensc.hu\/index.php\/wp-json\/wp\/v2\/pages\/17875\/revisions"}],"predecessor-version":[{"id":20982,"href":"https:\/\/kelensc.hu\/index.php\/wp-json\/wp\/v2\/pages\/17875\/revisions\/20982"}],"wp:featuredmedia":[{"embeddable":true,"href":"https:\/\/kelensc.hu\/index.php\/wp-json\/wp\/v2\/media\/353"}],"wp:attachment":[{"href":"https:\/\/kelensc.hu\/index.php\/wp-json\/wp\/v2\/media?parent=17875"}],"curies":[{"name":"wp","href":"https:\/\/api.w.org\/{rel}","templated":true}]}}