{"id":16411,"date":"2020-05-08T12:31:44","date_gmt":"2020-05-08T11:31:44","guid":{"rendered":"https:\/\/kelensc.hu\/index.php\/utanpotlas-feher-copy\/"},"modified":"2025-07-22T14:04:49","modified_gmt":"2025-07-22T12:04:49","slug":"utanpotlas-lanyok","status":"publish","type":"page","link":"https:\/\/kelensc.hu\/index.php\/utanpotlas\/utanpotlas-lanyok\/","title":{"rendered":"L\u00e1ny ut\u00e1np\u00f3tl\u00e1s csapataink"},"content":{"rendered":"<section data-bb-version=\"4.7.6\" id=\"bt_bb_section69efd9c613727\" class=\"bt_bb_section bt_bb_color_scheme_2 bt_bb_layout_boxed_1200 bt_bb_vertical_align_top bt_bb_top_spacing_none bt_bb_bottom_spacing_none\" style=\"; --section-primary-color:#191919; --section-secondary-color:#ffffff;\" data-bt-override-class=\"{&quot;bt_bb_top_spacing_&quot;:{&quot;current_class&quot;:&quot;bt_bb_top_spacing_none&quot;,&quot;xxl&quot;:&quot;none&quot;},&quot;bt_bb_bottom_spacing_&quot;:{&quot;current_class&quot;:&quot;bt_bb_bottom_spacing_none&quot;,&quot;xxl&quot;:&quot;none&quot;}}\"><div class=\"bt_bb_port\"><div class=\"bt_bb_cell\"><div class=\"bt_bb_cell_inner\"><div class=\"bt_bb_row_wrapper\"><div  class=\"bt_bb_row\"  data-bt-override-class=\"{}\"><div  class=\"bt_bb_column col-xxl-12 col-xl-12 col-xs-12 col-sm-12 col-md-12 col-lg-12 bt_bb_vertical_align_middle bt_bb_align_left bt_bb_padding_normal bt_bb_animation_fade_in animate\"  data-width=\"12\" data-bt-override-class=\"{}\"><div class=\"bt_bb_column_content\"><div class=\"bt_bb_column_content_inner\"><div class=\"bt_bb_separator_v2 bt_bb_border_style_none bt_bb_bottom_spacing_medium bt_bb_icon_size_normal bt_bb_text_size_normal bt_bb_separator_v2_without_content\" data-bt-override-class=\"null\"><div class=\"bt_bb_separator_v2_inner\"><span class=\"bt_bb_separator_v2_inner_before\"><\/span><span class=\"bt_bb_separator_v2_inner_content\"><span  data-ico-=\"\" class=\"bt_bb_icon_holder\"><\/span><\/span><span class=\"bt_bb_separator_v2_inner_after\"><\/span><\/div><\/div><header class=\"bt_bb_headline bt_bb_font_weight_light bt_bb_color_scheme_5 bt_bb_dash_none bt_bb_superheadline bt_bb_size_large bt_bb_align_inherit\" style=\"; --primary-color:#191919; --secondary-color:#00754e;\" data-bt-override-class=\"{}\"><h2 class=\"bt_bb_headline_tag\"><span class=\"bt_bb_headline_superheadline\">KELEN SC<\/span><span class=\"bt_bb_headline_content\"><span><strong>L\u00c1NY<\/strong><br \/>\r\nUT\u00c1NP\u00d3TL\u00c1S CSAPATAINK<\/span><\/span><\/h2><\/header><div class=\"bt_bb_separator_v2 bt_bb_border_style_none bt_bb_bottom_spacing_small bt_bb_icon_size_normal bt_bb_text_size_normal bt_bb_separator_v2_without_content\" data-bt-override-class=\"null\"><div class=\"bt_bb_separator_v2_inner\"><span class=\"bt_bb_separator_v2_inner_before\"><\/span><span class=\"bt_bb_separator_v2_inner_content\"><span  data-ico-=\"\" class=\"bt_bb_icon_holder\"><\/span><\/span><span class=\"bt_bb_separator_v2_inner_after\"><\/span><\/div><\/div><div  class=\"bt_bb_text\" ><p>2013-ban f\u00e9l tucat l\u00e1nnyal indult \u00fatj\u00e1ra n\u0151i szakoszt\u00e1lyunk, amely mind\u00f6ssze \u00f6t \u00e9s f\u00e9l \u00e9vvel megalakul\u00e1sa ut\u00e1n elmondhatta mag\u00e1r\u00f3l, hogy felnevelt ez olyan csapatot, amely megnyerte a feln\u0151tt n\u0151i NBII-es bajnoks\u00e1got, \u00e9s az orsz\u00e1g legjobbjai k\u00f6z\u00e9 jutott. Ezalatt az feln\u0151tt\u00e9 v\u00e1l\u00f3 j\u00e1t\u00e9kosok hely\u00e9re \u00fajak \u00e9rkeztek, akikkel imm\u00e1r n\u00e9gy ut\u00e1np\u00f3tl\u00e1s koroszt\u00e1lyban is ind\u00edthat csapatot.<\/p>\n<p>Ut\u00e1np\u00f3tl\u00e1s koroszt\u00e1lyaink mellett feln\u0151tt csapatunk is van, \u00edgy az ifj\u00fas\u00e1gi kor\u00fab\u00f3l \u00e9pp feln\u0151tt\u00e9 v\u00e1l\u00f3 j\u00e1t\u00e9kosoknak l\u00e9nyeg\u00e9ben biztos\u00edtott az \u00e1tmenet az ut\u00e1np\u00f3tl\u00e1s \u00e9vekb\u0151l a feln\u0151tt fociba. A hamar sikereket hoz\u00f3 szakoszt\u00e1ly Kiemelt K\u00e9pz\u00e9si K\u00f6zpontt\u00e1 v\u00e1lt.<\/p>\n<\/div><div class=\"bt_bb_separator_v2 bt_bb_border_style_none bt_bb_bottom_spacing_medium bt_bb_icon_size_normal bt_bb_text_size_normal bt_bb_separator_v2_without_content\" data-bt-override-class=\"null\"><div class=\"bt_bb_separator_v2_inner\"><span class=\"bt_bb_separator_v2_inner_before\"><\/span><span class=\"bt_bb_separator_v2_inner_content\"><span  data-ico-=\"\" class=\"bt_bb_icon_holder\"><\/span><\/span><span class=\"bt_bb_separator_v2_inner_after\"><\/span><\/div><\/div><div class=\"bt_bb_button bt_bb_color_scheme_6 bt_bb_icon_position_left bt_bb_style_filled bt_bb_size_small bt_bb_width_inline bt_bb_shape_inherit bt_bb_target_self bt_bb_align_inherit\" style=\"; --primary-color:#ffffff; --secondary-color:#00754e;\" data-bt-override-class=\"{}\"><a href=\"https:\/\/kelensc.hu\/index.php\/utanpotlas\/\" target=\"_self\" class=\"bt_bb_link\" title=\"VISSZA AZ UT\u00c1NP\u00d3TL\u00c1S OLDALRA\"><span class=\"bt_bb_button_text\" >VISSZA AZ UT\u00c1NP\u00d3TL\u00c1S OLDALRA<\/span><\/a><\/div><div class=\"bt_bb_separator_v2 bt_bb_border_style_none bt_bb_bottom_spacing_medium bt_bb_icon_size_normal bt_bb_text_size_normal bt_bb_separator_v2_without_content\" data-bt-override-class=\"null\"><div class=\"bt_bb_separator_v2_inner\"><span class=\"bt_bb_separator_v2_inner_before\"><\/span><span class=\"bt_bb_separator_v2_inner_content\"><span  data-ico-=\"\" class=\"bt_bb_icon_holder\"><\/span><\/span><span class=\"bt_bb_separator_v2_inner_after\"><\/span><\/div><\/div><\/div><\/div><\/div><\/div><\/div><\/div><!-- cell_inner --><\/div><!-- cell --><\/div><!-- port --><\/section><section id=\"bt_bb_section69efd9c613fd4\" class=\"bt_bb_section bt_bb_layout_boxed_1200 bt_bb_vertical_align_top bt_bb_top_spacing_large bt_bb_bottom_spacing_large\" style=\"z-index: 3;\" data-bt-override-class=\"null\"><div class=\"bt_bb_port\"><div class=\"bt_bb_cell\"><div class=\"bt_bb_cell_inner\"><div class=\"bt_bb_row_wrapper\"><div  class=\"bt_bb_row\"  data-bt-override-class=\"{}\"><div  class=\"bt_bb_column col-xxl-3 col-xl-3 bt_bb_vertical_align_top bt_bb_align_left bt_bb_padding_normal\"  data-width=\"3\" data-bt-override-class=\"{}\"><div class=\"bt_bb_column_content\"><div class=\"bt_bb_column_content_inner\"><\/div><\/div><\/div><div  class=\"bt_bb_column col-xxl-6 col-xl-6 bt_bb_vertical_align_top bt_bb_align_center bt_bb_padding_normal bt_bb_animation_fade_in animate\"  data-width=\"6\" data-bt-override-class=\"{}\"><div class=\"bt_bb_column_content\"><div class=\"bt_bb_column_content_inner\"><header class=\"bt_bb_headline bt_bb_font_weight_light bt_bb_color_scheme_5 bt_bb_dash_none bt_bb_superheadline bt_bb_size_normal bt_bb_align_inherit\" style=\"; --primary-color:#191919; --secondary-color:#00754e;\" data-bt-override-class=\"{}\"><h2 class=\"bt_bb_headline_tag\"><span class=\"bt_bb_headline_superheadline\">KELEN SC<\/span><span class=\"bt_bb_headline_content\"><span><strong>L\u00c1NY<\/strong> UT\u00c1NP\u00d3TL\u00c1S CSAPATAINK<\/span><\/span><\/h2><\/header><div class=\"bt_bb_separator_v2 bt_bb_border_style_none bt_bb_bottom_spacing_medium bt_bb_icon_size_normal bt_bb_text_size_normal bt_bb_separator_v2_without_content\" data-bt-override-class=\"null\"><div class=\"bt_bb_separator_v2_inner\"><span class=\"bt_bb_separator_v2_inner_before\"><\/span><span class=\"bt_bb_separator_v2_inner_content\"><span  data-ico-=\"\" class=\"bt_bb_icon_holder\"><\/span><\/span><span class=\"bt_bb_separator_v2_inner_after\"><\/span><\/div><\/div><\/div><\/div><\/div><div  class=\"bt_bb_column col-xxl-3 col-xl-3 bt_bb_vertical_align_top bt_bb_align_left bt_bb_padding_normal\"  data-width=\"3\" data-bt-override-class=\"{}\"><div class=\"bt_bb_column_content\"><div class=\"bt_bb_column_content_inner\"><\/div><\/div><\/div><\/div><\/div><div class=\"bt_bb_row_wrapper\"><div  class=\"bt_bb_row\"  data-bt-override-class=\"{}\"><div  class=\"bt_bb_column col-xxl-3 col-xl-3 bt_bb_vertical_align_top bt_bb_align_center bt_bb_padding_text_indent bt_bb_animation_fade_in animate\"  data-width=\"3\" data-bt-override-class=\"{}\"><div class=\"bt_bb_column_content\" style=\"background-color:rgba(255, 255, 255, 1);\"><div class=\"bt_bb_column_content_inner\"><div class=\"bt_bb_image bt_bb_shape_square bt_bb_target_self bt_bb_align_inherit bt_bb_hover_style_simple bt_bb_content_display_always bt_bb_content_align_bottom\" data-bt-override-class=\"{}\"><span><img width=\"1000\" height=\"750\" src=\"https:\/\/kelensc.hu\/wp-content\/uploads\/2020\/05\/lanyok02.png\" class=\"attachment-full size-full\" alt=\"https:\/\/kelensc.hu\/wp-content\/uploads\/2020\/05\/lanyok02.png\" decoding=\"async\" data-full_image_src=\"https:\/\/kelensc.hu\/wp-content\/uploads\/2020\/05\/lanyok02.png\" title=\"lanyok02\" fetchpriority=\"high\" srcset=\"https:\/\/kelensc.hu\/wp-content\/uploads\/2020\/05\/lanyok02.png 1000w, https:\/\/kelensc.hu\/wp-content\/uploads\/2020\/05\/lanyok02-382x287.png 382w, https:\/\/kelensc.hu\/wp-content\/uploads\/2020\/05\/lanyok02-641x481.png 641w, https:\/\/kelensc.hu\/wp-content\/uploads\/2020\/05\/lanyok02-640x480.png 640w, https:\/\/kelensc.hu\/wp-content\/uploads\/2020\/05\/lanyok02-768x576.png 768w, https:\/\/kelensc.hu\/wp-content\/uploads\/2020\/05\/lanyok02-320x240.png 320w\" sizes=\"(max-width: 1000px) 100vw, 1000px\" \/><\/span><\/div><div class=\"bt_bb_icon btMoveIconUp bt_bb_color_scheme_6 bt_bb_style_filled-border bt_bb_size_normal bt_bb_shape_circle bt_bb_target_self bt_bb_text_empty bt_bb_align_inherit bt_bb_style_filled bt_bb_style_border\" style=\"; --primary-color:#ffffff; --secondary-color:#00754e;\" data-bt-override-class=\"{}\"><a href=\"https:\/\/kelensc.hu\/index.php\/utanpotlas\/utanpotlas-lanyok\/lanyok-u11\/\"  target=\"_self\"   data-ico-essential=\"&#xea7a;\" class=\"bt_bb_icon_holder\"><\/a><\/div><div class=\"bt_bb_separator_v2 bt_bb_border_style_none bt_bb_bottom_spacing_small bt_bb_icon_size_normal bt_bb_text_size_normal bt_bb_separator_v2_without_content\" data-bt-override-class=\"null\"><div class=\"bt_bb_separator_v2_inner\"><span class=\"bt_bb_separator_v2_inner_before\"><\/span><span class=\"bt_bb_separator_v2_inner_content\"><span  data-ico-=\"\" class=\"bt_bb_icon_holder\"><\/span><\/span><span class=\"bt_bb_separator_v2_inner_after\"><\/span><\/div><\/div><header data-bb-version=\"4.6.1\" class=\"bt_bb_headline bt_bb_font_weight_bolder bt_bb_subheadline_text_transform_default bt_bb_color_scheme_5 bt_bb_dash_none bt_bb_size_small bt_bb_align_inherit\" style=\"; --primary-color:#191919; --secondary-color:#00754e;\" data-bt-override-class=\"{&quot;bt_bb_size_&quot;:{&quot;current_class&quot;:&quot;bt_bb_size_small&quot;,&quot;xxl&quot;:&quot;small&quot;},&quot;bt_bb_align_&quot;:{&quot;current_class&quot;:&quot;bt_bb_align_inherit&quot;,&quot;xxl&quot;:&quot;inherit&quot;}}\"><h2 class=\"bt_bb_headline_tag\"><span class=\"bt_bb_headline_content\"><span>U12 \u00e9s alatta L\u00c1NYOK<\/span><\/span><\/h2><\/header><div class=\"bt_bb_separator_v2 bt_bb_border_style_none bt_bb_bottom_spacing_normal bt_bb_icon_size_normal bt_bb_text_size_normal bt_bb_separator_v2_without_content\" data-bt-override-class=\"null\"><div class=\"bt_bb_separator_v2_inner\"><span class=\"bt_bb_separator_v2_inner_before\"><\/span><span class=\"bt_bb_separator_v2_inner_content\"><span  data-ico-=\"\" class=\"bt_bb_icon_holder\"><\/span><\/span><span class=\"bt_bb_separator_v2_inner_after\"><\/span><\/div><\/div><\/div><\/div><\/div><div  class=\"bt_bb_column col-xxl-3 col-xl-3 bt_bb_vertical_align_top bt_bb_align_center bt_bb_padding_text_indent bt_bb_animation_fade_in animate\"  data-width=\"3\" data-bt-override-class=\"{}\"><div class=\"bt_bb_column_content\" style=\"background-color:rgba(255, 255, 255, 1);\"><div class=\"bt_bb_column_content_inner\"><div class=\"bt_bb_image bt_bb_shape_square bt_bb_target_self bt_bb_align_inherit bt_bb_hover_style_simple bt_bb_content_display_always bt_bb_content_align_bottom\" data-bt-override-class=\"{}\"><span><img width=\"1000\" height=\"750\" src=\"https:\/\/kelensc.hu\/wp-content\/uploads\/2020\/05\/lanyok02.png\" class=\"attachment-full size-full\" alt=\"https:\/\/kelensc.hu\/wp-content\/uploads\/2020\/05\/lanyok02.png\" decoding=\"async\" data-full_image_src=\"https:\/\/kelensc.hu\/wp-content\/uploads\/2020\/05\/lanyok02.png\" title=\"lanyok02\" srcset=\"https:\/\/kelensc.hu\/wp-content\/uploads\/2020\/05\/lanyok02.png 1000w, https:\/\/kelensc.hu\/wp-content\/uploads\/2020\/05\/lanyok02-382x287.png 382w, https:\/\/kelensc.hu\/wp-content\/uploads\/2020\/05\/lanyok02-641x481.png 641w, https:\/\/kelensc.hu\/wp-content\/uploads\/2020\/05\/lanyok02-640x480.png 640w, https:\/\/kelensc.hu\/wp-content\/uploads\/2020\/05\/lanyok02-768x576.png 768w, https:\/\/kelensc.hu\/wp-content\/uploads\/2020\/05\/lanyok02-320x240.png 320w\" sizes=\"(max-width: 1000px) 100vw, 1000px\" \/><\/span><\/div><div class=\"bt_bb_icon btMoveIconUp bt_bb_color_scheme_6 bt_bb_style_filled-border bt_bb_size_normal bt_bb_shape_circle bt_bb_target_self bt_bb_text_empty bt_bb_align_inherit bt_bb_style_filled bt_bb_style_border\" style=\"; --primary-color:#ffffff; --secondary-color:#00754e;\" data-bt-override-class=\"{}\"><a href=\"https:\/\/kelensc.hu\/index.php\/utanpotlas\/utanpotlas-lanyok\/lanyok-u14\/\"  target=\"_self\"   data-ico-essential=\"&#xea7a;\" class=\"bt_bb_icon_holder\"><\/a><\/div><div class=\"bt_bb_separator_v2 bt_bb_border_style_none bt_bb_bottom_spacing_small bt_bb_icon_size_normal bt_bb_text_size_normal bt_bb_separator_v2_without_content\" data-bt-override-class=\"null\"><div class=\"bt_bb_separator_v2_inner\"><span class=\"bt_bb_separator_v2_inner_before\"><\/span><span class=\"bt_bb_separator_v2_inner_content\"><span  data-ico-=\"\" class=\"bt_bb_icon_holder\"><\/span><\/span><span class=\"bt_bb_separator_v2_inner_after\"><\/span><\/div><\/div><header class=\"bt_bb_headline bt_bb_font_weight_bolder bt_bb_color_scheme_5 bt_bb_dash_none bt_bb_size_small bt_bb_align_inherit\" style=\"; --primary-color:#191919; --secondary-color:#00754e;\" data-bt-override-class=\"{}\"><h2 class=\"bt_bb_headline_tag\"><span class=\"bt_bb_headline_content\"><span>U14 L\u00c1NYOK<\/span><\/span><\/h2><\/header><div class=\"bt_bb_separator_v2 bt_bb_border_style_none bt_bb_bottom_spacing_normal bt_bb_icon_size_normal bt_bb_text_size_normal bt_bb_separator_v2_without_content\" data-bt-override-class=\"null\"><div class=\"bt_bb_separator_v2_inner\"><span class=\"bt_bb_separator_v2_inner_before\"><\/span><span class=\"bt_bb_separator_v2_inner_content\"><span  data-ico-=\"\" class=\"bt_bb_icon_holder\"><\/span><\/span><span class=\"bt_bb_separator_v2_inner_after\"><\/span><\/div><\/div><\/div><\/div><\/div><div  class=\"bt_bb_column col-xxl-3 col-xl-3 bt_bb_vertical_align_top bt_bb_align_center bt_bb_padding_text_indent bt_bb_animation_fade_in animate\"  data-width=\"3\" data-bt-override-class=\"{}\"><div class=\"bt_bb_column_content\" style=\"background-color:rgba(255, 255, 255, 1);\"><div class=\"bt_bb_column_content_inner\"><div class=\"bt_bb_image bt_bb_shape_square bt_bb_target_self bt_bb_align_inherit bt_bb_hover_style_simple bt_bb_content_display_always bt_bb_content_align_bottom\" data-bt-override-class=\"{}\"><span><img width=\"1000\" height=\"750\" src=\"https:\/\/kelensc.hu\/wp-content\/uploads\/2020\/05\/lanyok02.png\" class=\"attachment-full size-full\" alt=\"https:\/\/kelensc.hu\/wp-content\/uploads\/2020\/05\/lanyok02.png\" decoding=\"async\" data-full_image_src=\"https:\/\/kelensc.hu\/wp-content\/uploads\/2020\/05\/lanyok02.png\" title=\"lanyok02\" srcset=\"https:\/\/kelensc.hu\/wp-content\/uploads\/2020\/05\/lanyok02.png 1000w, https:\/\/kelensc.hu\/wp-content\/uploads\/2020\/05\/lanyok02-382x287.png 382w, https:\/\/kelensc.hu\/wp-content\/uploads\/2020\/05\/lanyok02-641x481.png 641w, https:\/\/kelensc.hu\/wp-content\/uploads\/2020\/05\/lanyok02-640x480.png 640w, https:\/\/kelensc.hu\/wp-content\/uploads\/2020\/05\/lanyok02-768x576.png 768w, https:\/\/kelensc.hu\/wp-content\/uploads\/2020\/05\/lanyok02-320x240.png 320w\" sizes=\"(max-width: 1000px) 100vw, 1000px\" \/><\/span><\/div><div class=\"bt_bb_icon btMoveIconUp bt_bb_color_scheme_6 bt_bb_style_filled-border bt_bb_size_normal bt_bb_shape_circle bt_bb_target_self bt_bb_text_empty bt_bb_align_inherit bt_bb_style_filled bt_bb_style_border\" style=\"; --primary-color:#ffffff; --secondary-color:#00754e;\" data-bt-override-class=\"{}\"><a href=\"https:\/\/kelensc.hu\/index.php\/utanpotlas\/utanpotlas-lanyok\/lanyok-u16\/\"  target=\"_self\"   data-ico-essential=\"&#xea7a;\" class=\"bt_bb_icon_holder\"><\/a><\/div><div class=\"bt_bb_separator_v2 bt_bb_border_style_none bt_bb_bottom_spacing_small bt_bb_icon_size_normal bt_bb_text_size_normal bt_bb_separator_v2_without_content\" data-bt-override-class=\"null\"><div class=\"bt_bb_separator_v2_inner\"><span class=\"bt_bb_separator_v2_inner_before\"><\/span><span class=\"bt_bb_separator_v2_inner_content\"><span  data-ico-=\"\" class=\"bt_bb_icon_holder\"><\/span><\/span><span class=\"bt_bb_separator_v2_inner_after\"><\/span><\/div><\/div><header class=\"bt_bb_headline bt_bb_font_weight_bolder bt_bb_color_scheme_5 bt_bb_dash_none bt_bb_size_small bt_bb_align_inherit\" style=\"; --primary-color:#191919; --secondary-color:#00754e;\" data-bt-override-class=\"{}\"><h2 class=\"bt_bb_headline_tag\"><span class=\"bt_bb_headline_content\"><span>U16 L\u00c1NYOK<\/span><\/span><\/h2><\/header><div class=\"bt_bb_separator_v2 bt_bb_border_style_none bt_bb_bottom_spacing_normal bt_bb_icon_size_normal bt_bb_text_size_normal bt_bb_separator_v2_without_content\" data-bt-override-class=\"null\"><div class=\"bt_bb_separator_v2_inner\"><span class=\"bt_bb_separator_v2_inner_before\"><\/span><span class=\"bt_bb_separator_v2_inner_content\"><span  data-ico-=\"\" class=\"bt_bb_icon_holder\"><\/span><\/span><span class=\"bt_bb_separator_v2_inner_after\"><\/span><\/div><\/div><\/div><\/div><\/div><div  class=\"bt_bb_column col-xxl-3 col-xl-3 bt_bb_vertical_align_top bt_bb_align_center bt_bb_padding_text_indent bt_bb_animation_fade_in animate\"  data-width=\"3\" data-bt-override-class=\"{}\"><div class=\"bt_bb_column_content\" style=\"background-color:rgba(255, 255, 255, 1);\"><div class=\"bt_bb_column_content_inner\"><div class=\"bt_bb_image bt_bb_shape_square bt_bb_target_self bt_bb_align_inherit bt_bb_hover_style_simple bt_bb_content_display_always bt_bb_content_align_bottom\" data-bt-override-class=\"{}\"><span><img width=\"1000\" height=\"750\" src=\"https:\/\/kelensc.hu\/wp-content\/uploads\/2020\/05\/lanyok02.png\" class=\"attachment-full size-full\" alt=\"https:\/\/kelensc.hu\/wp-content\/uploads\/2020\/05\/lanyok02.png\" decoding=\"async\" data-full_image_src=\"https:\/\/kelensc.hu\/wp-content\/uploads\/2020\/05\/lanyok02.png\" title=\"lanyok02\" srcset=\"https:\/\/kelensc.hu\/wp-content\/uploads\/2020\/05\/lanyok02.png 1000w, https:\/\/kelensc.hu\/wp-content\/uploads\/2020\/05\/lanyok02-382x287.png 382w, https:\/\/kelensc.hu\/wp-content\/uploads\/2020\/05\/lanyok02-641x481.png 641w, https:\/\/kelensc.hu\/wp-content\/uploads\/2020\/05\/lanyok02-640x480.png 640w, https:\/\/kelensc.hu\/wp-content\/uploads\/2020\/05\/lanyok02-768x576.png 768w, https:\/\/kelensc.hu\/wp-content\/uploads\/2020\/05\/lanyok02-320x240.png 320w\" sizes=\"(max-width: 1000px) 100vw, 1000px\" \/><\/span><\/div><div class=\"bt_bb_icon btMoveIconUp bt_bb_color_scheme_6 bt_bb_style_filled-border bt_bb_size_normal bt_bb_shape_circle bt_bb_target_self bt_bb_text_empty bt_bb_align_inherit bt_bb_style_filled bt_bb_style_border\" style=\"; --primary-color:#ffffff; --secondary-color:#00754e;\" data-bt-override-class=\"{}\"><a href=\"https:\/\/kelensc.hu\/index.php\/utanpotlas\/utanpotlas-lanyok\/lanyok-u19\/\"  target=\"_self\"   data-ico-essential=\"&#xea7a;\" class=\"bt_bb_icon_holder\"><\/a><\/div><div class=\"bt_bb_separator_v2 bt_bb_border_style_none bt_bb_bottom_spacing_small bt_bb_icon_size_normal bt_bb_text_size_normal bt_bb_separator_v2_without_content\" data-bt-override-class=\"null\"><div class=\"bt_bb_separator_v2_inner\"><span class=\"bt_bb_separator_v2_inner_before\"><\/span><span class=\"bt_bb_separator_v2_inner_content\"><span  data-ico-=\"\" class=\"bt_bb_icon_holder\"><\/span><\/span><span class=\"bt_bb_separator_v2_inner_after\"><\/span><\/div><\/div><header class=\"bt_bb_headline bt_bb_font_weight_bolder bt_bb_color_scheme_5 bt_bb_dash_none bt_bb_size_small bt_bb_align_inherit\" style=\"; --primary-color:#191919; --secondary-color:#00754e;\" data-bt-override-class=\"{}\"><h2 class=\"bt_bb_headline_tag\"><span class=\"bt_bb_headline_content\"><span>U19 L\u00c1NYOK<\/span><\/span><\/h2><\/header><div class=\"bt_bb_separator_v2 bt_bb_border_style_none bt_bb_bottom_spacing_normal bt_bb_icon_size_normal bt_bb_text_size_normal bt_bb_separator_v2_without_content\" data-bt-override-class=\"null\"><div class=\"bt_bb_separator_v2_inner\"><span class=\"bt_bb_separator_v2_inner_before\"><\/span><span class=\"bt_bb_separator_v2_inner_content\"><span  data-ico-=\"\" class=\"bt_bb_icon_holder\"><\/span><\/span><span class=\"bt_bb_separator_v2_inner_after\"><\/span><\/div><\/div><\/div><\/div><\/div><\/div><\/div><div class=\"bt_bb_row_wrapper\"><div  class=\"bt_bb_row\"  data-bt-override-class=\"{}\"><div  class=\"bt_bb_column col-xxl-12 col-xl-12 bt_bb_vertical_align_top bt_bb_align_center bt_bb_padding_text_indent bt_bb_animation_fade_in animate\"  data-width=\"12\" data-bt-override-class=\"{}\"><div class=\"bt_bb_column_content\"><div class=\"bt_bb_column_content_inner\"><div class=\"bt_bb_separator_v2 bt_bb_border_style_none bt_bb_top_spacing_normal bt_bb_bottom_spacing_normal bt_bb_icon_size_normal bt_bb_text_size_normal bt_bb_separator_v2_without_content\" data-bt-override-class=\"null\"><div class=\"bt_bb_separator_v2_inner\"><span class=\"bt_bb_separator_v2_inner_before\"><\/span><span class=\"bt_bb_separator_v2_inner_content\"><span  data-ico-=\"\" class=\"bt_bb_icon_holder\"><\/span><\/span><span class=\"bt_bb_separator_v2_inner_after\"><\/span><\/div><\/div><\/div><\/div><\/div><\/div><\/div><\/div><!-- cell_inner --><\/div><!-- cell --><\/div><!-- port --><\/section>","protected":false},"excerpt":{"rendered":"","protected":false},"author":1,"featured_media":353,"parent":15732,"menu_order":0,"comment_status":"closed","ping_status":"closed","template":"","meta":{"inline_featured_image":false,"_exactmetrics_skip_tracking":false,"_exactmetrics_sitenote_active":false,"_exactmetrics_sitenote_note":"","_exactmetrics_sitenote_category":0,"footnotes":""},"_links":{"self":[{"href":"https:\/\/kelensc.hu\/index.php\/wp-json\/wp\/v2\/pages\/16411"}],"collection":[{"href":"https:\/\/kelensc.hu\/index.php\/wp-json\/wp\/v2\/pages"}],"about":[{"href":"https:\/\/kelensc.hu\/index.php\/wp-json\/wp\/v2\/types\/page"}],"author":[{"embeddable":true,"href":"https:\/\/kelensc.hu\/index.php\/wp-json\/wp\/v2\/users\/1"}],"replies":[{"embeddable":true,"href":"https:\/\/kelensc.hu\/index.php\/wp-json\/wp\/v2\/comments?post=16411"}],"version-history":[{"count":16,"href":"https:\/\/kelensc.hu\/index.php\/wp-json\/wp\/v2\/pages\/16411\/revisions"}],"predecessor-version":[{"id":21958,"href":"https:\/\/kelensc.hu\/index.php\/wp-json\/wp\/v2\/pages\/16411\/revisions\/21958"}],"up":[{"embeddable":true,"href":"https:\/\/kelensc.hu\/index.php\/wp-json\/wp\/v2\/pages\/15732"}],"wp:featuredmedia":[{"embeddable":true,"href":"https:\/\/kelensc.hu\/index.php\/wp-json\/wp\/v2\/media\/353"}],"wp:attachment":[{"href":"https:\/\/kelensc.hu\/index.php\/wp-json\/wp\/v2\/media?parent=16411"}],"curies":[{"name":"wp","href":"https:\/\/api.w.org\/{rel}","templated":true}]}}