{"id":15598,"date":"2020-04-29T07:26:29","date_gmt":"2020-04-29T06:26:29","guid":{"rendered":"https:\/\/kelensc.hu\/index.php\/about-us-copy\/"},"modified":"2024-09-23T12:24:00","modified_gmt":"2024-09-23T10:24:00","slug":"felnottek","status":"publish","type":"page","link":"https:\/\/kelensc.hu\/index.php\/felnottek\/","title":{"rendered":"Feln\u0151tt csapataink"},"content":{"rendered":"<section id=\"bt_bb_section69ddf7cf62fb2\" class=\"bt_bb_section bt_bb_color_scheme_2 bt_bb_layout_boxed_1200 bt_bb_vertical_align_top\" style=\"; --section-primary-color:#191919; --section-secondary-color:#ffffff;\" data-bt-override-class=\"null\"><div class=\"bt_bb_port\"><div class=\"bt_bb_cell\"><div class=\"bt_bb_cell_inner\"><div class=\"bt_bb_row_wrapper\"><div  class=\"bt_bb_row\"  data-bt-override-class=\"{}\"><div  class=\"bt_bb_column col-xxl-6 col-xl-6 bt_bb_vertical_align_middle bt_bb_align_left bt_bb_padding_normal bt_bb_animation_fade_in animate\"  data-width=\"6\" data-bt-override-class=\"{}\"><div class=\"bt_bb_column_content\"><div class=\"bt_bb_column_content_inner\"><div data-bb-version=\"4.7.6\" class=\"bt_bb_image btMoveToEdge bt_bb_shape_square bt_bb_target_self bt_bb_align_inherit bt_bb_hover_style_simple bt_bb_content_display_always bt_bb_content_align_middle\" data-bt-override-class=\"{&quot;bt_bb_align_&quot;:{&quot;current_class&quot;:&quot;bt_bb_align_inherit&quot;,&quot;xxl&quot;:&quot;inherit&quot;},&quot;bt_bb_content_display_&quot;:{&quot;current_class&quot;:&quot;bt_bb_content_display_always&quot;,&quot;xxl&quot;:&quot;always&quot;}}\"><span><img width=\"5184\" height=\"3456\" src=\"https:\/\/kelensc.hu\/wp-content\/uploads\/2023\/09\/IMG_3837.jpg\" class=\"attachment-full size-full\" alt=\"https:\/\/kelensc.hu\/wp-content\/uploads\/2023\/09\/IMG_3837.jpg\" decoding=\"async\" data-full_image_src=\"https:\/\/kelensc.hu\/wp-content\/uploads\/2023\/09\/IMG_3837.jpg\" fetchpriority=\"high\" srcset=\"https:\/\/kelensc.hu\/wp-content\/uploads\/2023\/09\/IMG_3837.jpg 5184w, https:\/\/kelensc.hu\/wp-content\/uploads\/2023\/09\/IMG_3837-640x427.jpg 640w, https:\/\/kelensc.hu\/wp-content\/uploads\/2023\/09\/IMG_3837-1280x853.jpg 1280w, https:\/\/kelensc.hu\/wp-content\/uploads\/2023\/09\/IMG_3837-768x512.jpg 768w, https:\/\/kelensc.hu\/wp-content\/uploads\/2023\/09\/IMG_3837-1536x1024.jpg 1536w, https:\/\/kelensc.hu\/wp-content\/uploads\/2023\/09\/IMG_3837-2048x1365.jpg 2048w, https:\/\/kelensc.hu\/wp-content\/uploads\/2023\/09\/IMG_3837-300x200.jpg 300w, https:\/\/kelensc.hu\/wp-content\/uploads\/2023\/09\/IMG_3837-128x85.jpg 128w, https:\/\/kelensc.hu\/wp-content\/uploads\/2023\/09\/IMG_3837-32x21.jpg 32w, https:\/\/kelensc.hu\/wp-content\/uploads\/2023\/09\/IMG_3837-320x213.jpg 320w, https:\/\/kelensc.hu\/wp-content\/uploads\/2023\/09\/IMG_3837-382x255.jpg 382w, https:\/\/kelensc.hu\/wp-content\/uploads\/2023\/09\/IMG_3837-641x427.jpg 641w\" sizes=\"(max-width: 5184px) 100vw, 5184px\" \/><\/span><\/div><\/div><\/div><\/div><div  class=\"bt_bb_column col-xxl-6 col-xl-6 bt_bb_vertical_align_middle bt_bb_align_left bt_bb_padding_normal bt_bb_animation_fade_in animate\"  data-width=\"6\" data-bt-override-class=\"{}\"><div class=\"bt_bb_column_content\"><div class=\"bt_bb_column_content_inner\"><div class=\"bt_bb_separator_v2 bt_bb_border_style_none bt_bb_bottom_spacing_medium bt_bb_icon_size_normal bt_bb_text_size_normal bt_bb_separator_v2_without_content\" data-bt-override-class=\"null\"><div class=\"bt_bb_separator_v2_inner\"><span class=\"bt_bb_separator_v2_inner_before\"><\/span><span class=\"bt_bb_separator_v2_inner_content\"><span  data-ico-=\"\" class=\"bt_bb_icon_holder\"><\/span><\/span><span class=\"bt_bb_separator_v2_inner_after\"><\/span><\/div><\/div><header class=\"bt_bb_headline bt_bb_font_weight_light bt_bb_color_scheme_5 bt_bb_dash_none bt_bb_subheadline bt_bb_size_large bt_bb_align_inherit\" style=\"; --primary-color:#191919; --secondary-color:#00754e;\" data-bt-override-class=\"{}\"><h2 class=\"bt_bb_headline_tag\"><span class=\"bt_bb_headline_content\"><span><strong>KELEN SC<\/strong><br \/>\r\nFELN\u0150TT CSAPATAINK<\/span><\/span><\/h2><div class=\"bt_bb_headline_subheadline\">T\u00f6bb, mint 100 j\u00e1t\u00e9kos dolgozik h\u00e9tr\u0151l-h\u00e9tre a kelenv\u00f6lgyi sikerek\u00e9rt!<\/div><\/header><div class=\"bt_bb_separator_v2 bt_bb_border_style_none bt_bb_bottom_spacing_small bt_bb_icon_size_normal bt_bb_text_size_normal bt_bb_separator_v2_without_content\" data-bt-override-class=\"null\"><div class=\"bt_bb_separator_v2_inner\"><span class=\"bt_bb_separator_v2_inner_before\"><\/span><span class=\"bt_bb_separator_v2_inner_content\"><span  data-ico-=\"\" class=\"bt_bb_icon_holder\"><\/span><\/span><span class=\"bt_bb_separator_v2_inner_after\"><\/span><\/div><\/div><div  class=\"bt_bb_text\" ><p>Klubunk eg\u00e9szen a nagyfutballig v\u00e9gigk\u00eds\u00e9ri a Kelen j\u00e1t\u00e9kosokat &#8211; a Tipeg\u0151 csoporttal kezd\u0151d\u0151 \u00e9s U19-es koroszt\u00e1llyal v\u00e9gz\u0151d\u0151 ut\u00e1np\u00f3tl\u00e1s\u00e9veket k\u00f6vet\u0151en f\u00e9rfi \u00e9s n\u0151i szak\u00e1gunk labdar\u00fag\u00f3i is lehet\u0151s\u00e9get kaphatnak feln\u0151tt csapatainkban. Az el\u0151z\u0151 szezonban egyar\u00e1nt bajnok, els\u0151sz\u00e1m\u00fa feln\u0151tt egy\u00fctteseinkn\u00e9l r\u00e1ad\u00e1sul val\u00f3ban megkapj\u00e1k a lehet\u0151s\u00e9get a felt\u00f6rekv\u0151 tehets\u00e9gek, hiszen \u00e9lvonalbeli, n\u0151i z\u00f6ld csapatunk keret\u00e9ben \u00f6t tin\u00e9dzser is szerepel, m\u00edg az NBIII-as f\u00e9rfiak keret\u00e9ben nyolc tizen\u00e9ves is helyet kapott. F\u00e9rfi I. \u00e9s N\u0151i Z\u00f6ld csapatunk mellett mindk\u00e9t szak\u00e1gunknak van m\u00e1sodik csapata is. F\u00e9rfi II. egy\u00fcttes\u00fcnk a BLSZ II. oszt\u00e1ly\u00e1ban j\u00e1tszik, m\u00edg N\u0151i Feh\u00e9r csapatunk az NBII-ben, mellett\u00fck az I. oszt\u00e1ly\u00fa n\u0151i \u00be p\u00e1ly\u00e1s bajnoks\u00e1gban egy \u00f6t\u00f6dik feln\u0151tt Kelen is versenyez, \u0151k a N\u0151i Piros csapat.<\/p>\n<\/div><div class=\"bt_bb_separator_v2 bt_bb_border_style_none bt_bb_bottom_spacing_medium bt_bb_icon_size_normal bt_bb_text_size_normal bt_bb_separator_v2_without_content\" data-bt-override-class=\"null\"><div class=\"bt_bb_separator_v2_inner\"><span class=\"bt_bb_separator_v2_inner_before\"><\/span><span class=\"bt_bb_separator_v2_inner_content\"><span  data-ico-=\"\" class=\"bt_bb_icon_holder\"><\/span><\/span><span class=\"bt_bb_separator_v2_inner_after\"><\/span><\/div><\/div><\/div><\/div><\/div><\/div><\/div><\/div><!-- cell_inner --><\/div><!-- cell --><\/div><!-- port --><\/section><section id=\"bt_bb_section69ddf7cf64fab\" class=\"bt_bb_section bt_bb_layout_boxed_1200 bt_bb_vertical_align_top bt_bb_top_spacing_large bt_bb_bottom_spacing_large\" style=\"z-index: 3;\" data-bt-override-class=\"null\"><div class=\"bt_bb_port\"><div class=\"bt_bb_cell\"><div class=\"bt_bb_cell_inner\"><div class=\"bt_bb_row_wrapper\"><div  class=\"bt_bb_row\"  data-bt-override-class=\"{}\"><div  class=\"bt_bb_column col-xxl-3 col-xl-3 bt_bb_vertical_align_top bt_bb_align_left bt_bb_padding_normal\"  data-width=\"3\" data-bt-override-class=\"{}\"><div class=\"bt_bb_column_content\"><div class=\"bt_bb_column_content_inner\"><\/div><\/div><\/div><div  class=\"bt_bb_column col-xxl-6 col-xl-6 bt_bb_vertical_align_top bt_bb_align_center bt_bb_padding_normal bt_bb_animation_fade_in animate\"  data-width=\"6\" data-bt-override-class=\"{}\"><div class=\"bt_bb_column_content\"><div class=\"bt_bb_column_content_inner\"><header class=\"bt_bb_headline bt_bb_font_weight_light bt_bb_color_scheme_5 bt_bb_dash_none bt_bb_superheadline bt_bb_size_normal bt_bb_align_inherit\" style=\"; --primary-color:#191919; --secondary-color:#00754e;\" data-bt-override-class=\"{}\"><h2 class=\"bt_bb_headline_tag\"><span class=\"bt_bb_headline_superheadline\">KELEN SC<\/span><span class=\"bt_bb_headline_content\"><span><strong>FELN\u0150TT<\/strong> CSAPATAINK<\/span><\/span><\/h2><\/header><div class=\"bt_bb_separator_v2 bt_bb_border_style_none bt_bb_bottom_spacing_medium bt_bb_icon_size_normal bt_bb_text_size_normal bt_bb_separator_v2_without_content\" data-bt-override-class=\"null\"><div class=\"bt_bb_separator_v2_inner\"><span class=\"bt_bb_separator_v2_inner_before\"><\/span><span class=\"bt_bb_separator_v2_inner_content\"><span  data-ico-=\"\" class=\"bt_bb_icon_holder\"><\/span><\/span><span class=\"bt_bb_separator_v2_inner_after\"><\/span><\/div><\/div><\/div><\/div><\/div><div  class=\"bt_bb_column col-xxl-3 col-xl-3 bt_bb_vertical_align_top bt_bb_align_left bt_bb_padding_normal\"  data-width=\"3\" data-bt-override-class=\"{}\"><div class=\"bt_bb_column_content\"><div class=\"bt_bb_column_content_inner\"><\/div><\/div><\/div><\/div><\/div><div class=\"bt_bb_row_wrapper\"><div  class=\"bt_bb_row\"  data-bt-override-class=\"{}\"><\/div><\/div><div class=\"bt_bb_row_wrapper\"><div  class=\"bt_bb_row\"  data-bt-override-class=\"{}\"><div  class=\"bt_bb_column col-xxl-4 col-xl-4 bt_bb_vertical_align_top bt_bb_align_center bt_bb_padding_text_indent bt_bb_animation_fade_in animate\"  data-width=\"4\" data-bt-override-class=\"{}\"><div class=\"bt_bb_column_content\" style=\"background-color:rgba(255, 255, 255, 1);\"><div class=\"bt_bb_column_content_inner\"><div data-bb-version=\"4.7.6\" class=\"bt_bb_image bt_bb_shape_square bt_bb_target_self bt_bb_align_inherit bt_bb_hover_style_simple bt_bb_content_display_always bt_bb_content_align_bottom\" data-bt-override-class=\"{&quot;bt_bb_align_&quot;:{&quot;current_class&quot;:&quot;bt_bb_align_inherit&quot;,&quot;xxl&quot;:&quot;inherit&quot;},&quot;bt_bb_content_display_&quot;:{&quot;current_class&quot;:&quot;bt_bb_content_display_always&quot;,&quot;xxl&quot;:&quot;always&quot;}}\"><span><img width=\"5184\" height=\"2514\" src=\"https:\/\/kelensc.hu\/wp-content\/uploads\/2024\/03\/IMG_3571-e1710488449991.jpg\" class=\"attachment-full size-full\" alt=\"https:\/\/kelensc.hu\/wp-content\/uploads\/2024\/03\/IMG_3571-e1710488449991.jpg\" decoding=\"async\" data-full_image_src=\"https:\/\/kelensc.hu\/wp-content\/uploads\/2024\/03\/IMG_3571-e1710488449991.jpg\" srcset=\"https:\/\/kelensc.hu\/wp-content\/uploads\/2024\/03\/IMG_3571-e1710488449991.jpg 5184w, https:\/\/kelensc.hu\/wp-content\/uploads\/2024\/03\/IMG_3571-e1710488449991-640x310.jpg 640w, https:\/\/kelensc.hu\/wp-content\/uploads\/2024\/03\/IMG_3571-e1710488449991-1280x621.jpg 1280w, https:\/\/kelensc.hu\/wp-content\/uploads\/2024\/03\/IMG_3571-e1710488449991-768x372.jpg 768w, https:\/\/kelensc.hu\/wp-content\/uploads\/2024\/03\/IMG_3571-e1710488449991-1536x745.jpg 1536w, https:\/\/kelensc.hu\/wp-content\/uploads\/2024\/03\/IMG_3571-e1710488449991-2048x993.jpg 2048w, https:\/\/kelensc.hu\/wp-content\/uploads\/2024\/03\/IMG_3571-e1710488449991-300x145.jpg 300w, https:\/\/kelensc.hu\/wp-content\/uploads\/2024\/03\/IMG_3571-e1710488449991-128x62.jpg 128w, https:\/\/kelensc.hu\/wp-content\/uploads\/2024\/03\/IMG_3571-e1710488449991-32x16.jpg 32w, https:\/\/kelensc.hu\/wp-content\/uploads\/2024\/03\/IMG_3571-e1710488449991-320x155.jpg 320w, https:\/\/kelensc.hu\/wp-content\/uploads\/2024\/03\/IMG_3571-e1710488449991-382x185.jpg 382w, https:\/\/kelensc.hu\/wp-content\/uploads\/2024\/03\/IMG_3571-e1710488449991-641x311.jpg 641w\" sizes=\"(max-width: 5184px) 100vw, 5184px\" \/><\/span><\/div><div class=\"bt_bb_icon btMoveIconUp bt_bb_color_scheme_6 bt_bb_style_filled-border bt_bb_size_normal bt_bb_shape_circle bt_bb_target_self bt_bb_text_empty bt_bb_align_inherit bt_bb_style_filled bt_bb_style_border\" style=\"; --primary-color:#ffffff; --secondary-color:#00754e;\" data-bt-override-class=\"{}\"><a href=\"https:\/\/kelensc.hu\/?page_id=178\"  target=\"_self\"   data-ico-essential=\"&#xea7a;\" class=\"bt_bb_icon_holder\"><\/a><\/div><div class=\"bt_bb_separator_v2 bt_bb_border_style_none bt_bb_bottom_spacing_small bt_bb_icon_size_normal bt_bb_text_size_normal bt_bb_separator_v2_without_content\" data-bt-override-class=\"null\"><div class=\"bt_bb_separator_v2_inner\"><span class=\"bt_bb_separator_v2_inner_before\"><\/span><span class=\"bt_bb_separator_v2_inner_content\"><span  data-ico-=\"\" class=\"bt_bb_icon_holder\"><\/span><\/span><span class=\"bt_bb_separator_v2_inner_after\"><\/span><\/div><\/div><header class=\"bt_bb_headline bt_bb_font_weight_bolder bt_bb_color_scheme_5 bt_bb_dash_none bt_bb_superheadline bt_bb_size_small bt_bb_align_inherit\" style=\"; --primary-color:#191919; --secondary-color:#00754e;\" data-bt-override-class=\"{}\"><h2 class=\"bt_bb_headline_tag\"><span class=\"bt_bb_headline_superheadline\">F\u00c9RFI<\/span><span class=\"bt_bb_headline_content\"><span>FELN\u0150TT I.<\/span><\/span><\/h2><\/header><div class=\"bt_bb_separator_v2 bt_bb_border_style_none bt_bb_bottom_spacing_small bt_bb_icon_size_normal bt_bb_text_size_normal bt_bb_separator_v2_without_content\" data-bt-override-class=\"null\"><div class=\"bt_bb_separator_v2_inner\"><span class=\"bt_bb_separator_v2_inner_before\"><\/span><span class=\"bt_bb_separator_v2_inner_content\"><span  data-ico-=\"\" class=\"bt_bb_icon_holder\"><\/span><\/span><span class=\"bt_bb_separator_v2_inner_after\"><\/span><\/div><\/div><div  class=\"bt_bb_text\" ><p>MLSZ NB III. \u00c9szak-Nyugati csoport<\/p>\n<\/div><div class=\"bt_bb_separator_v2 bt_bb_border_style_none bt_bb_bottom_spacing_normal bt_bb_icon_size_normal bt_bb_text_size_normal bt_bb_separator_v2_without_content\" data-bt-override-class=\"null\"><div class=\"bt_bb_separator_v2_inner\"><span class=\"bt_bb_separator_v2_inner_before\"><\/span><span class=\"bt_bb_separator_v2_inner_content\"><span  data-ico-=\"\" class=\"bt_bb_icon_holder\"><\/span><\/span><span class=\"bt_bb_separator_v2_inner_after\"><\/span><\/div><\/div><\/div><\/div><\/div><div  class=\"bt_bb_column col-xxl-4 col-xl-4 bt_bb_vertical_align_top bt_bb_align_center bt_bb_padding_text_indent bt_bb_animation_fade_in animate\"  data-width=\"4\" data-bt-override-class=\"{}\"><div class=\"bt_bb_column_content\" style=\"background-color:rgba(255, 255, 255, 1);\"><div class=\"bt_bb_column_content_inner\"><div data-bb-version=\"4.7.6\" class=\"bt_bb_image bt_bb_shape_square bt_bb_target_self bt_bb_align_inherit bt_bb_hover_style_simple bt_bb_content_display_always bt_bb_content_align_bottom\" data-bt-override-class=\"{&quot;bt_bb_align_&quot;:{&quot;current_class&quot;:&quot;bt_bb_align_inherit&quot;,&quot;xxl&quot;:&quot;inherit&quot;},&quot;bt_bb_content_display_&quot;:{&quot;current_class&quot;:&quot;bt_bb_content_display_always&quot;,&quot;xxl&quot;:&quot;always&quot;}}\"><span><img width=\"1640\" height=\"924\" src=\"https:\/\/kelensc.hu\/wp-content\/uploads\/2024\/09\/Blue-Football-Match-Instagram-Post-Facebook-bejegyzes-Fekvo-Facebook-borito-2024-09-23T121258.919.jpg\" class=\"attachment-full size-full\" alt=\"https:\/\/kelensc.hu\/wp-content\/uploads\/2024\/09\/Blue-Football-Match-Instagram-Post-Facebook-bejegyzes-Fekvo-Facebook-borito-2024-09-23T121258.919.jpg\" decoding=\"async\" data-full_image_src=\"https:\/\/kelensc.hu\/wp-content\/uploads\/2024\/09\/Blue-Football-Match-Instagram-Post-Facebook-bejegyzes-Fekvo-Facebook-borito-2024-09-23T121258.919.jpg\" srcset=\"https:\/\/kelensc.hu\/wp-content\/uploads\/2024\/09\/Blue-Football-Match-Instagram-Post-Facebook-bejegyzes-Fekvo-Facebook-borito-2024-09-23T121258.919.jpg 1640w, https:\/\/kelensc.hu\/wp-content\/uploads\/2024\/09\/Blue-Football-Match-Instagram-Post-Facebook-bejegyzes-Fekvo-Facebook-borito-2024-09-23T121258.919-640x361.jpg 640w, https:\/\/kelensc.hu\/wp-content\/uploads\/2024\/09\/Blue-Football-Match-Instagram-Post-Facebook-bejegyzes-Fekvo-Facebook-borito-2024-09-23T121258.919-1280x721.jpg 1280w, https:\/\/kelensc.hu\/wp-content\/uploads\/2024\/09\/Blue-Football-Match-Instagram-Post-Facebook-bejegyzes-Fekvo-Facebook-borito-2024-09-23T121258.919-768x433.jpg 768w, https:\/\/kelensc.hu\/wp-content\/uploads\/2024\/09\/Blue-Football-Match-Instagram-Post-Facebook-bejegyzes-Fekvo-Facebook-borito-2024-09-23T121258.919-1536x865.jpg 1536w, https:\/\/kelensc.hu\/wp-content\/uploads\/2024\/09\/Blue-Football-Match-Instagram-Post-Facebook-bejegyzes-Fekvo-Facebook-borito-2024-09-23T121258.919-300x169.jpg 300w, https:\/\/kelensc.hu\/wp-content\/uploads\/2024\/09\/Blue-Football-Match-Instagram-Post-Facebook-bejegyzes-Fekvo-Facebook-borito-2024-09-23T121258.919-128x72.jpg 128w, https:\/\/kelensc.hu\/wp-content\/uploads\/2024\/09\/Blue-Football-Match-Instagram-Post-Facebook-bejegyzes-Fekvo-Facebook-borito-2024-09-23T121258.919-32x18.jpg 32w, https:\/\/kelensc.hu\/wp-content\/uploads\/2024\/09\/Blue-Football-Match-Instagram-Post-Facebook-bejegyzes-Fekvo-Facebook-borito-2024-09-23T121258.919-320x180.jpg 320w, https:\/\/kelensc.hu\/wp-content\/uploads\/2024\/09\/Blue-Football-Match-Instagram-Post-Facebook-bejegyzes-Fekvo-Facebook-borito-2024-09-23T121258.919-382x215.jpg 382w, https:\/\/kelensc.hu\/wp-content\/uploads\/2024\/09\/Blue-Football-Match-Instagram-Post-Facebook-bejegyzes-Fekvo-Facebook-borito-2024-09-23T121258.919-641x361.jpg 641w\" sizes=\"(max-width: 1640px) 100vw, 1640px\" \/><\/span><\/div><div class=\"bt_bb_icon btMoveIconUp bt_bb_color_scheme_6 bt_bb_style_filled-border bt_bb_size_normal bt_bb_shape_circle bt_bb_target_self bt_bb_text_empty bt_bb_align_inherit bt_bb_style_filled bt_bb_style_border\" style=\"; --primary-color:#ffffff; --secondary-color:#00754e;\" data-bt-override-class=\"{}\"><a href=\"https:\/\/kelensc.hu\/index.php\/felnottek\/felnott-2\/\"  target=\"_self\"   data-ico-essential=\"&#xea7a;\" class=\"bt_bb_icon_holder\"><\/a><\/div><div class=\"bt_bb_separator_v2 bt_bb_border_style_none bt_bb_bottom_spacing_small bt_bb_icon_size_normal bt_bb_text_size_normal bt_bb_separator_v2_without_content\" data-bt-override-class=\"null\"><div class=\"bt_bb_separator_v2_inner\"><span class=\"bt_bb_separator_v2_inner_before\"><\/span><span class=\"bt_bb_separator_v2_inner_content\"><span  data-ico-=\"\" class=\"bt_bb_icon_holder\"><\/span><\/span><span class=\"bt_bb_separator_v2_inner_after\"><\/span><\/div><\/div><header class=\"bt_bb_headline bt_bb_font_weight_bolder bt_bb_color_scheme_5 bt_bb_dash_none bt_bb_superheadline bt_bb_size_small bt_bb_align_inherit\" style=\"; --primary-color:#191919; --secondary-color:#00754e;\" data-bt-override-class=\"{}\"><h2 class=\"bt_bb_headline_tag\"><span class=\"bt_bb_headline_superheadline\">F\u00c9RFI<\/span><span class=\"bt_bb_headline_content\"><span>FELN\u0150TT II.<\/span><\/span><\/h2><\/header><div class=\"bt_bb_separator_v2 bt_bb_border_style_none bt_bb_bottom_spacing_small bt_bb_icon_size_normal bt_bb_text_size_normal bt_bb_separator_v2_without_content\" data-bt-override-class=\"null\"><div class=\"bt_bb_separator_v2_inner\"><span class=\"bt_bb_separator_v2_inner_before\"><\/span><span class=\"bt_bb_separator_v2_inner_content\"><span  data-ico-=\"\" class=\"bt_bb_icon_holder\"><\/span><\/span><span class=\"bt_bb_separator_v2_inner_after\"><\/span><\/div><\/div><div  class=\"bt_bb_text\" ><p>BLSZ II. oszt\u00e1ly<\/p>\n<\/div><div class=\"bt_bb_separator_v2 bt_bb_border_style_none bt_bb_bottom_spacing_normal bt_bb_icon_size_normal bt_bb_text_size_normal bt_bb_separator_v2_without_content\" data-bt-override-class=\"null\"><div class=\"bt_bb_separator_v2_inner\"><span class=\"bt_bb_separator_v2_inner_before\"><\/span><span class=\"bt_bb_separator_v2_inner_content\"><span  data-ico-=\"\" class=\"bt_bb_icon_holder\"><\/span><\/span><span class=\"bt_bb_separator_v2_inner_after\"><\/span><\/div><\/div><\/div><\/div><\/div><div  class=\"bt_bb_column col-xxl-4 col-xl-4 bt_bb_vertical_align_top bt_bb_align_center bt_bb_padding_text_indent bt_bb_animation_fade_in animate\"  data-width=\"4\" data-bt-override-class=\"{}\"><div class=\"bt_bb_column_content\" style=\"background-color:rgba(255, 255, 255, 1);\"><div class=\"bt_bb_column_content_inner\"><div class=\"bt_bb_image bt_bb_shape_square bt_bb_target_self bt_bb_align_inherit bt_bb_hover_style_simple bt_bb_content_display_always bt_bb_content_align_bottom\" data-bt-override-class=\"{}\"><span><img width=\"960\" height=\"720\" src=\"https:\/\/kelensc.hu\/wp-content\/uploads\/2020\/06\/\u00f6regfi\u00fak-2.jpg\" class=\"attachment-full size-full\" alt=\"https:\/\/kelensc.hu\/wp-content\/uploads\/2020\/06\/\u00f6regfi\u00fak-2.jpg\" decoding=\"async\" data-full_image_src=\"https:\/\/kelensc.hu\/wp-content\/uploads\/2020\/06\/\u00f6regfi\u00fak-2.jpg\" title=\"\u00f6regfi\u00fak 2\" srcset=\"https:\/\/kelensc.hu\/wp-content\/uploads\/2020\/06\/\u00f6regfi\u00fak-2.jpg 960w, https:\/\/kelensc.hu\/wp-content\/uploads\/2020\/06\/\u00f6regfi\u00fak-2-640x480.jpg 640w, https:\/\/kelensc.hu\/wp-content\/uploads\/2020\/06\/\u00f6regfi\u00fak-2-768x576.jpg 768w, https:\/\/kelensc.hu\/wp-content\/uploads\/2020\/06\/\u00f6regfi\u00fak-2-320x240.jpg 320w, https:\/\/kelensc.hu\/wp-content\/uploads\/2020\/06\/\u00f6regfi\u00fak-2-382x287.jpg 382w, https:\/\/kelensc.hu\/wp-content\/uploads\/2020\/06\/\u00f6regfi\u00fak-2-641x481.jpg 641w\" sizes=\"(max-width: 960px) 100vw, 960px\" \/><\/span><\/div><div class=\"bt_bb_icon btMoveIconUp bt_bb_color_scheme_6 bt_bb_style_filled-border bt_bb_size_normal bt_bb_shape_circle bt_bb_target_self bt_bb_text_empty bt_bb_align_inherit bt_bb_style_filled bt_bb_style_border\" style=\"; --primary-color:#ffffff; --secondary-color:#00754e;\" data-bt-override-class=\"{}\"><a href=\"https:\/\/kelensc.hu\/index.php\/felnottek\/oregfiuk\/\"  target=\"_self\"   data-ico-essential=\"&#xea7a;\" class=\"bt_bb_icon_holder\"><\/a><\/div><div class=\"bt_bb_separator_v2 bt_bb_border_style_none bt_bb_bottom_spacing_small bt_bb_icon_size_normal bt_bb_text_size_normal bt_bb_separator_v2_without_content\" data-bt-override-class=\"null\"><div class=\"bt_bb_separator_v2_inner\"><span class=\"bt_bb_separator_v2_inner_before\"><\/span><span class=\"bt_bb_separator_v2_inner_content\"><span  data-ico-=\"\" class=\"bt_bb_icon_holder\"><\/span><\/span><span class=\"bt_bb_separator_v2_inner_after\"><\/span><\/div><\/div><header class=\"bt_bb_headline bt_bb_font_weight_bolder bt_bb_color_scheme_5 bt_bb_dash_none bt_bb_superheadline bt_bb_size_small bt_bb_align_inherit\" style=\"; --primary-color:#191919; --secondary-color:#00754e;\" data-bt-override-class=\"{}\"><h2 class=\"bt_bb_headline_tag\"><span class=\"bt_bb_headline_superheadline\">F\u00c9RFI<\/span><span class=\"bt_bb_headline_content\"><span>\u00d6REGFI\u00daK<\/span><\/span><\/h2><\/header><div class=\"bt_bb_separator_v2 bt_bb_border_style_none bt_bb_bottom_spacing_small bt_bb_icon_size_normal bt_bb_text_size_normal bt_bb_separator_v2_without_content\" data-bt-override-class=\"null\"><div class=\"bt_bb_separator_v2_inner\"><span class=\"bt_bb_separator_v2_inner_before\"><\/span><span class=\"bt_bb_separator_v2_inner_content\"><span  data-ico-=\"\" class=\"bt_bb_icon_holder\"><\/span><\/span><span class=\"bt_bb_separator_v2_inner_after\"><\/span><\/div><\/div><div  class=\"bt_bb_text\" ><p>\u00d6regfi\u00fak II. oszt\u00e1ly<\/p>\n<\/div><div class=\"bt_bb_separator_v2 bt_bb_border_style_none bt_bb_bottom_spacing_normal bt_bb_icon_size_normal bt_bb_text_size_normal bt_bb_separator_v2_without_content\" data-bt-override-class=\"null\"><div class=\"bt_bb_separator_v2_inner\"><span class=\"bt_bb_separator_v2_inner_before\"><\/span><span class=\"bt_bb_separator_v2_inner_content\"><span  data-ico-=\"\" class=\"bt_bb_icon_holder\"><\/span><\/span><span class=\"bt_bb_separator_v2_inner_after\"><\/span><\/div><\/div><\/div><\/div><\/div><\/div><\/div><\/div><!-- cell_inner --><\/div><!-- cell --><\/div><!-- port --><\/section>","protected":false},"excerpt":{"rendered":"","protected":false},"author":1,"featured_media":353,"parent":0,"menu_order":0,"comment_status":"closed","ping_status":"closed","template":"","meta":{"inline_featured_image":false,"_exactmetrics_skip_tracking":false,"_exactmetrics_sitenote_active":false,"_exactmetrics_sitenote_note":"","_exactmetrics_sitenote_category":0,"footnotes":""},"_links":{"self":[{"href":"https:\/\/kelensc.hu\/index.php\/wp-json\/wp\/v2\/pages\/15598"}],"collection":[{"href":"https:\/\/kelensc.hu\/index.php\/wp-json\/wp\/v2\/pages"}],"about":[{"href":"https:\/\/kelensc.hu\/index.php\/wp-json\/wp\/v2\/types\/page"}],"author":[{"embeddable":true,"href":"https:\/\/kelensc.hu\/index.php\/wp-json\/wp\/v2\/users\/1"}],"replies":[{"embeddable":true,"href":"https:\/\/kelensc.hu\/index.php\/wp-json\/wp\/v2\/comments?post=15598"}],"version-history":[{"count":44,"href":"https:\/\/kelensc.hu\/index.php\/wp-json\/wp\/v2\/pages\/15598\/revisions"}],"predecessor-version":[{"id":21568,"href":"https:\/\/kelensc.hu\/index.php\/wp-json\/wp\/v2\/pages\/15598\/revisions\/21568"}],"wp:featuredmedia":[{"embeddable":true,"href":"https:\/\/kelensc.hu\/index.php\/wp-json\/wp\/v2\/media\/353"}],"wp:attachment":[{"href":"https:\/\/kelensc.hu\/index.php\/wp-json\/wp\/v2\/media?parent=15598"}],"curies":[{"name":"wp","href":"https:\/\/api.w.org\/{rel}","templated":true}]}}