{"id":15250,"date":"2020-04-08T11:06:40","date_gmt":"2020-04-08T10:06:40","guid":{"rendered":"http:\/\/kelensc.hu\/index.php\/fixtures\/tickets\/general-info-copy\/"},"modified":"2020-04-28T10:43:48","modified_gmt":"2020-04-28T09:43:48","slug":"partner-adatvedelmi-tajekoztato","status":"publish","type":"page","link":"https:\/\/kelensc.hu\/index.php\/partner-adatvedelmi-tajekoztato\/","title":{"rendered":"Partner adatv\u00e9delmi t\u00e1j\u00e9koztat\u00f3"},"content":{"rendered":"<section id=\"bt_bb_section69dcdb4a20120\" class=\"bt_bb_section bt_bb_layout_boxed_1200 bt_bb_vertical_align_top bt_bb_top_negative_margin_normal\"  data-bt-override-class=\"null\"><div class=\"bt_bb_port\"><div class=\"bt_bb_cell\"><div class=\"bt_bb_cell_inner\"><div class=\"bt_bb_row_wrapper\"><div  class=\"bt_bb_row bt_bb_column_gap_15\"  data-bt-override-class=\"{}\"><div  class=\"bt_bb_column col-xxl-12 col-xl-12 bt_bb_vertical_align_top bt_bb_align_left bt_bb_padding_double bt_bb_animation_fade_in animate bt_bb_highlight_shadow\"  data-width=\"12\" data-bt-override-class=\"{}\"><div class=\"bt_bb_column_content\" style=\"background-color:rgba(255, 255, 255, 1);\"><div class=\"bt_bb_column_content_inner\"><div class=\"bt_bb_separator_v2 bt_bb_border_style_none bt_bb_bottom_spacing_normal bt_bb_icon_size_normal bt_bb_text_size_normal bt_bb_separator_v2_without_content\" data-bt-override-class=\"null\"><div class=\"bt_bb_separator_v2_inner\"><span class=\"bt_bb_separator_v2_inner_before\"><\/span><span class=\"bt_bb_separator_v2_inner_content\"><span  data-ico-=\"\" class=\"bt_bb_icon_holder\"><\/span><\/span><span class=\"bt_bb_separator_v2_inner_after\"><\/span><\/div><\/div><div  class=\"bt_bb_text\" ><p>A Kelen Sport Club (a tov\u00e1bbiakban: Egyes\u00fclet, \u00fagy is, mint Adatkezel\u0151) ez\u00faton ad t\u00e1j\u00e9koztat\u00e1st a partner-adatok kezel\u00e9se k\u00f6r\u00e9ben k\u00f6vetett gyakorlat\u00e1r\u00f3l, az adatok v\u00e9delme \u00e9rdek\u00e9ben megtett szervez\u00e9si \u00e9s technikai int\u00e9zked\u00e9seir\u0151l, valamint az adatkezel\u00e9ssel kapcsolatos jogair\u00f3l, jogai \u00e9rv\u00e9nyes\u00edt\u00e9s\u00e9nek lehet\u0151s\u00e9geir\u0151l. Egyes\u00fclet\u00fcnk a sz\u00fcks\u00e9gszer\u0171en elv\u00e9gzett adatkezel\u00e9s folyam\u00e1n fokozott figyelmet ford\u00edt az \u00e1ltala kezelt szem\u00e9lyes adatok v\u00e9delm\u00e9re.<\/p>\n<h2><\/h2>\n<h2 style=\"text-align: left;\"><strong>Fogalmak<\/strong><\/h2>\n<p style=\"text-align: justify;\"><span style=\"color: #339966;\"><strong>Adatkezel\u0151<\/strong><\/span><\/p>\n<p style=\"text-align: justify;\">Az adatok kezel\u0151je az Egyes\u00fclet.<\/p>\n<p style=\"text-align: justify;\"><span style=\"color: #339966;\"><strong>\u00c9rintett<\/strong><\/span><\/p>\n<p style=\"text-align: justify;\">Mindazok a mag\u00e1nszem\u00e9lyek \u00e9s jogi szem\u00e9lyek k\u00e9pviselet\u00e9ben elj\u00e1r\u00f3 term\u00e9szetes szem\u00e9lyek, akikt\u0151l, vagy azon jogi szem\u00e9lyekt\u0151l, amelyek k\u00e9pviselet\u00e9ben a term\u00e9szetes szem\u00e9lyek elj\u00e1rnak, az Egyes\u00fclet szolg\u00e1ltat\u00e1st vesz ig\u00e9nybe, vagy amelyek\/akik az Egyes\u00fclettel megb\u00edzottk\u00e9nt, v\u00e1llalkoz\u00f3k\u00e9nt, egy\u00fcttm\u0171k\u00f6d\u0151 partnerk\u00e9nt vagy besz\u00e1ll\u00edt\u00f3k\u00e9nt (a tov\u00e1bbiakban: Partner) szerz\u0151d\u00e9ses jogviszonyba l\u00e9pnek.<\/p>\n<p style=\"text-align: justify;\"><span style=\"color: #339966;\"><strong>Adatkezel\u00e9s<\/strong><\/span><\/p>\n<p style=\"text-align: justify;\">A szem\u00e9lyes \u00e9s\/vagy k\u00fcl\u00f6nleges adatokon v\u00e9gzett b\u00e1rmely m\u0171velet vagy a m\u0171veletek \u00f6sszess\u00e9ge, \u00edgy p\u00e9ld\u00e1ul gy\u0171jt\u00e9se, felv\u00e9tele, r\u00f6gz\u00edt\u00e9se, rendszerez\u00e9se, t\u00e1rol\u00e1sa, felhaszn\u00e1l\u00e1sa, munkaad\u00f3 sz\u00e1m\u00e1ra t\u00f6rt\u00e9n\u0151 tov\u00e1bb\u00edt\u00e1sa, \u00f6sszehangol\u00e1sa vagy \u00f6sszekapcsol\u00e1sa, z\u00e1rol\u00e1sa, t\u00f6rl\u00e9se \u00e9s megsemmis\u00edt\u00e9se, valamint az adatok tov\u00e1bbi felhaszn\u00e1l\u00e1s\u00e1nak megakad\u00e1lyoz\u00e1sa.<\/p>\n<p style=\"text-align: justify;\"><span style=\"color: #339966;\"><strong>Szem\u00e9lyes adat<\/strong><\/span><\/p>\n<p style=\"text-align: justify;\">Azonos\u00edtott vagy azonos\u00edthat\u00f3 term\u00e9szetes szem\u00e9lyre (a tov\u00e1bbiakban: <strong>\u00c9rintett<\/strong>) vonatkoz\u00f3 b\u00e1rmely inform\u00e1ci\u00f3; azonos\u00edthat\u00f3 az a term\u00e9szetes szem\u00e9ly, aki k\u00f6zvetlen vagy k\u00f6zvetett m\u00f3don, k\u00fcl\u00f6n\u00f6sen valamely azonos\u00edt\u00f3, p\u00e9ld\u00e1ul n\u00e9v, sz\u00e1m, helymeghat\u00e1roz\u00f3 adat, online azonos\u00edt\u00f3 vagy a term\u00e9szetes szem\u00e9ly testi, fiziol\u00f3giai, genetikai, szellemi, gazdas\u00e1gi, kultur\u00e1lis vagy szoci\u00e1lis azonoss\u00e1g\u00e1ra vonatkoz\u00f3 egy vagy t\u00f6bb t\u00e9nyez\u0151 alapj\u00e1n azonos\u00edthat\u00f3.<\/p>\n<p style=\"text-align: justify;\"><span style=\"color: #339966;\"><strong>K\u00fcl\u00f6nleges adat<\/strong><\/span><\/p>\n<p style=\"text-align: justify;\">A faji eredetre, a nemzeti \u00e9s etnikai kisebbs\u00e9ghez tartoz\u00e1sra, a politikai v\u00e9lem\u00e9nyre vagy p\u00e1rt\u00e1ll\u00e1sra, a vall\u00e1sos vagy m\u00e1s vil\u00e1gn\u00e9zeti meggy\u0151z\u0151d\u00e9sre, az \u00e9rdek-k\u00e9pviseleti szervezeti tags\u00e1gra, valamint az eg\u00e9szs\u00e9gi \u00e1llapotra, a k\u00f3ros szenved\u00e9lyre, a szexu\u00e1lis \u00e9letre vonatkoz\u00f3 adat, valamint a b\u0171n\u00fcgyi szem\u00e9lyes adat.<\/p>\n<p style=\"text-align: justify;\"><span style=\"color: #339966;\"><strong>Harmadik szem\u00e9ly:<u> <\/u><\/strong><\/span><\/p>\n<p style=\"text-align: justify;\">Az \u00c9rintetten \u00e9s az Egyes\u00fcleten k\u00edv\u00fcli szem\u00e9lyek.<\/p>\n<h2><\/h2>\n<h2 style=\"text-align: left;\"><strong>Adatkezel\u00e9si tev\u00e9kenys\u00e9g<\/strong><\/h2>\n<p style=\"text-align: justify;\"><span style=\"color: #339966;\"><strong>Hozz\u00e1j\u00e1rul\u00e1s az adatkezel\u00e9shez<\/strong><\/span><\/p>\n<p style=\"text-align: justify;\">Az \u00c9rintett szem\u00e9lyes adatainak kezel\u00e9s\u00e9hez, valamint azoknak a tov\u00e1bb\u00edt\u00e1s\u00e1hoz kiz\u00e1r\u00f3lag szerz\u0151d\u00e9s al\u00e1\u00edr\u00e1sa vagy egy\u00e9b kifejezett jognyilatkozat elfogad\u00e1s\u00e1val (a tov\u00e1bbiakban egy\u00fcttesen: Nyilatkozat) adja meg hozz\u00e1j\u00e1rul\u00e1s\u00e1t.<\/p>\n<p style=\"text-align: justify;\">K\u00fcl\u00f6nleges adatot az Egyes\u00fclet nem kezel.<\/p>\n<p style=\"text-align: justify;\"><span style=\"color: #339966;\"><strong>A kezelt adatok k\u00f6re<\/strong><\/span><\/p>\n<p style=\"text-align: justify;\">Az Egyes\u00fclet r\u00e9sz\u00e9re adott Nyilatkozat al\u00e1\u00edr\u00e1s\u00e1val a szerz\u0151d\u00e9sben szerepl\u0151 szem\u00e9lyes adatok kezel\u00e9s\u00e9hez az \u00c9rintett megadja hozz\u00e1j\u00e1rul\u00e1s\u00e1t, teh\u00e1t a Nyilatkozat al\u00e1\u00edr\u00e1s\u00e1val elfogadja az ebben a dokumentumban foglalt felt\u00e9teleket.<\/p>\n<p style=\"text-align: justify;\"><span style=\"color: #339966;\"><strong>Az adatkezel\u00e9s c\u00e9lja<\/strong><\/span><\/p>\n<p style=\"text-align: justify;\">A Nyilatkozat \u00e1ltal az Egyes\u00fclet kezel\u00e9s\u00e9be adott szem\u00e9lyes adatok kezel\u00e9s\u00e9nek c\u00e9lja az Egyes\u00fclet r\u00e9sz\u00e9re ny\u00fajtott szolg\u00e1ltat\u00e1sokkal, v\u00e1llalkoz\u00e1si, egy\u00fcttm\u0171k\u00f6d\u00e9si vagy megb\u00edz\u00e1si szerz\u0151d\u00e9s teljes\u00edt\u00e9s\u00e9vel valamint az elsz\u00e1mol\u00e1s lebonyol\u00edt\u00e1sa \u00e9rdek\u00e9ben sz\u00fcks\u00e9ges kapcsolattart\u00e1s.<\/p>\n<p style=\"text-align: justify;\">A szem\u00e9lyes adatok gy\u0171jt\u00e9se, t\u00e1rol\u00e1sa, szem\u00e9lyes adatok harmadik f\u00e9l r\u00e9sz\u00e9re t\u00f6rt\u00e9n\u0151 tov\u00e1bb\u00edt\u00e1sa, valamint az adatkezel\u00e9s c\u00e9lj\u00e1hoz igazod\u00f3 b\u00e1rmely egy\u00e9b adatkezel\u00e9si tev\u00e9kenys\u00e9g elv\u00e9gz\u00e9s\u00e9re \u00fagy ker\u00fcl sor, hogy ahhoz illet\u00e9ktelen szem\u00e9lyek ne f\u00e9rjenek hozz\u00e1.<\/p>\n<p style=\"text-align: justify;\"><span style=\"color: #339966;\"><strong>Adatbiztons\u00e1g<\/strong><\/span><\/p>\n<p style=\"text-align: justify;\">Az \u00c9rintett szem\u00e9lyes adatainak biztons\u00e1ga \u00e9rdek\u00e9ben az Egyes\u00fclet olyan technikai, valamint elj\u00e1r\u00e1si szab\u00e1lyokat alkalmaz, melyek megakad\u00e1lyozz\u00e1k az ezen adatokhoz t\u00f6rt\u00e9n\u0151 illet\u00e9ktelen hozz\u00e1f\u00e9r\u00e9st, azok megv\u00e1ltoztat\u00e1s\u00e1t vagy tov\u00e1bb\u00edt\u00e1s\u00e1t, sz\u00e1nd\u00e9kos \u00e9s v\u00e9letlenszer\u0171 t\u00f6rl\u00e9s\u00e9t vagy megsemmis\u00fcl\u00e9s\u00e9t.<\/p>\n<p style=\"text-align: justify;\">Az Egyes\u00fclet, mint Adatkezel\u0151 k\u00f6teles a b\u00edr\u00f3s\u00e1g, az \u00fcgy\u00e9szs\u00e9g, a nyomoz\u00f3 hat\u00f3s\u00e1g, szab\u00e1lys\u00e9rt\u00e9si hat\u00f3s\u00e1g, k\u00f6zigazgat\u00e1si hat\u00f3s\u00e1g, Nemzeti Adatv\u00e9delmi \u00e9s Inform\u00e1ci\u00f3szabads\u00e1g Hat\u00f3s\u00e1g, illetve jogszab\u00e1ly felhatalmaz\u00e1sa alapj\u00e1n m\u00e1s szervek t\u00e1j\u00e9koztat\u00e1sa c\u00e9lj\u00e1b\u00f3l az \u00e1ltaluk jogszer\u0171en k\u00e9rt adatok k\u00f6zl\u00e9s\u00e9re, \u00e1tad\u00e1s\u00e1ra, illet\u0151leg iratok rendelkez\u00e9sre bocs\u00e1t\u00e1s\u00e1ra.<\/p>\n<p style=\"text-align: justify;\">Az Egyes\u00fclet a fenti megkeres\u00e9sre az \u00c9rintett szem\u00e9lyes adat\u00e1t kiz\u00e1r\u00f3lag oly m\u00f3don \u00e9s olyan m\u00e9rt\u00e9kben ad \u00e1t, amely a megkeres\u00e9s c\u00e9lj\u00e1nak megval\u00f3s\u00edt\u00e1s\u00e1hoz elengedhetetlen\u00fcl sz\u00fcks\u00e9ges. Az Egyes\u00fclet az egyes hat\u00f3s\u00e1gi adatk\u00e9r\u00e9sek teljes\u00edt\u00e9se el\u0151tt minden egyes adat tekintet\u00e9ben megvizsg\u00e1lja, hogy val\u00f3ban fenn\u00e1ll-e az adattov\u00e1bb\u00edt\u00e1s jogalapja, sz\u00fcks\u00e9g eset\u00e9n kik\u00e9ri az adatv\u00e9delmi biztos v\u00e9lem\u00e9ny\u00e9t.<\/p>\n<p style=\"text-align: justify;\"><span style=\"color: #339966;\"><strong>Az adatkezel\u00e9sre jogosultak k\u00f6re<\/strong><\/span><\/p>\n<p style=\"text-align: justify;\">Adatkezel\u00e9sre kiz\u00e1r\u00f3lag az Egyes\u00fclet adatkezel\u00e9sre feljogos\u00edtott munkav\u00e1llal\u00f3i jogosultak \u00e9s k\u00f6telesek. Az Egyes\u00fclet az \u00c9rintett adatainak v\u00e9delme \u00e9rdek\u00e9ben Adatv\u00e9delmi Szab\u00e1lyzat\u00e1ban hat\u00e1rozza meg az adatok-, \u00e9s az esetleges adatv\u00e9delmi incidensek kezel\u00e9s\u00e9nek rendj\u00e9t.<\/p>\n<p style=\"text-align: justify;\">Az Adatv\u00e9delmi Szab\u00e1lyzat \u00e1ltal az adatkezel\u00e9ssel \u00e9rintett munkav\u00e1llal\u00f3 k\u00f6teles a vonatkoz\u00f3 jogszab\u00e1lyok rendelkez\u00e9seit betartani, \u00e9s arra, hogy az adatkezel\u00e9s kapcs\u00e1n tudom\u00e1s\u00e1ra jutott titkot meg\u0151rizze.<\/p>\n<p style=\"text-align: justify;\">Az Egyes\u00fclet az \u00c9rintett adatait nem adja el, nem adja b\u00e9rbe \u00e9s semmilyen form\u00e1ban nem bocs\u00e1tja harmadik szem\u00e9lyek rendelkez\u00e9sre, ide\u00e9rtve az \u00c9rintett e-mail c\u00edm\u00e9t.<\/p>\n<p style=\"text-align: justify;\"><span style=\"color: #339966;\"><strong>Az adatkezel\u00e9s id\u0151tartama, helyesb\u00edt\u00e9s<\/strong><\/span><\/p>\n<p style=\"text-align: justify;\">Az Egyes\u00fclet weboldal\u00e1nak l\u00e1togat\u00e1sa idej\u00e9re vonatkoz\u00f3 adatokat (IP c\u00edm, oper\u00e1ci\u00f3s rendszer \u00e9s b\u00f6ng\u00e9sz\u0151 adatok) a rendszer a b\u00f6ng\u00e9sz\u0151 bez\u00e1r\u00e1sakor automatikusan t\u00f6rli.<\/p>\n<p style=\"text-align: justify;\">Az Egyes\u00fclet az \u00c9rintett szem\u00e9lyes adatait kiz\u00e1r\u00f3lag az Egyes\u00fclet \u00e9s az \u00c9rintett k\u00f6z\u00f6tt fenn\u00e1ll\u00f3 szerz\u0151d\u00e9ses jogviszony tartam\u00e1ig, illetve az abb\u00f3l ered\u0151 ig\u00e9nyek \u00e9rv\u00e9nyes\u00edt\u00e9s\u00e9re nyitva \u00e1ll\u00f3, \u00fan. el\u00e9v\u00fcl\u00e9si id\u0151 v\u00e9g\u00e9ig \u0151rzi meg, ezt k\u00f6vet\u0151en azok automatikusan t\u00f6rl\u00e9sre ker\u00fclnek.<\/p>\n<p style=\"text-align: justify;\">Az adatkezel\u00e9s id\u0151tartama meghosszabbodik azzal az id\u0151vel, am\u00edg az Egyes\u00fcletnek az \u00c9rintettel, vagy az \u00e1ltala k\u00e9pviselt jogi szem\u00e9llyel szemben k\u00f6vetel\u00e9se \u00e1ll fenn. \u00a0Amennyiben b\u00e1rmely \u00c9rintett vagy az \u00e1ltala k\u00e9pviselt jogi szem\u00e9ly szerepel az Egyes\u00fclet \u00e1lland\u00f3 Partner-list\u00e1j\u00e1n, ott az Egyes\u00fclet kiz\u00e1r\u00f3lag olyan adatokat tart nyilv\u00e1n, amelyek nem min\u0151s\u00fclnek szem\u00e9lyes adatnak.<\/p>\n<p style=\"text-align: justify;\">Amennyiben b\u00e1rmely \u00c9rintett vagy az \u00e1ltala k\u00e9pviselt jogi szem\u00e9ly k\u00e9ri, \u00fagy az \u00c9rintett kifejezett hozz\u00e1j\u00e1rul\u00f3 nyilatkozata alapj\u00e1n szem\u00e9lyes adat\u00e1t (telefonsz\u00e1m, e-mail c\u00edm, stb.) az Egyes\u00fclet a fenti hat\u00e1rid\u0151n t\u00fal is jogosult kezelni, az \u00c9rintett nyilatkozat\u00e1nak visszavon\u00e1s\u00e1ig.<\/p>\n<p style=\"text-align: justify;\">Az \u00c9rintett felel az \u00e1ltala megadott adatok helyess\u00e9g\u00e9\u00e9rt, szem\u00e9lyes adatainak helyesb\u00edt\u00e9s\u00e9t pedig azok megv\u00e1ltoz\u00e1sa eset\u00e9n b\u00e1rmikor k\u00e9rheti. A val\u00f3s\u00e1gnak meg nem felel\u0151 adatokat k\u00e9r\u00e9s\u00e9re helyesb\u00edtj\u00fck, a hi\u00e1nyos vagy t\u00e9ves adatot t\u00f6r\u00f6lj\u00fck. A helyesb\u00edt\u00e9sr\u0151l \u00e9s a t\u00f6rl\u00e9sr\u0151l k\u00fcl\u00f6n \u00e9rtes\u00edt\u00e9st az \u00c9rintett erre vonatkoz\u00f3 kifejezett k\u00e9r\u00e9se eset\u00e9n az Egyes\u00fclet e-mailben, erre a c\u00e9lra pontosan megadott e-mail c\u00edmre k\u00fcld.<\/p>\n<p style=\"text-align: justify;\"><span style=\"color: #339966;\"><strong>Az adatkezel\u00e9s jogalapja, adatt\u00f6rl\u00e9s<\/strong><\/span><\/p>\n<p style=\"text-align: justify;\">Az \u00c9rintett szem\u00e9lyes adatai kezel\u00e9s\u00e9nek jogalapja az \u00c9rintett Nyilatkozata, azonban amennyiben az Egyes\u00fclet \u00e9s az \u00c9rintett vagy az \u00e1ltala k\u00e9pviselt jogi szem\u00e9ly k\u00f6z\u00f6tt a szerz\u0151d\u00e9s \u00e9rv\u00e9nyesen l\u00e9trej\u00f6n, a szerz\u0151d\u00e9s teljes\u00edt\u00e9se \u00e9rdek\u00e9ben az adatkezel\u00e9s jogalapja a szerz\u0151d\u00e9ses jogviszony. Az Egyes\u00fclet az \u00c9rintett adatait jogszer\u0171en kezeli abban az esetben, amennyiben az \u00c9rintettet szerz\u0151d\u00e9sk\u00f6t\u00e9s c\u00e9lj\u00e1b\u00f3l keresi meg. Amennyiben az \u00c9rintett az els\u0151 megkeres\u00e9st k\u00f6vet\u0151en akk\u00e9nt nyilatkozik, hogy adatai tov\u00e1bbi kezel\u00e9s\u00e9hez nem j\u00e1rul hozz\u00e1, az adatokat az Egyes\u00fclet t\u00f6rli.<\/p>\n<p style=\"text-align: justify;\">Amennyiben b\u00e1rmely \u00c9rintett vagy az \u00e1ltala k\u00e9pviselt jogi szem\u00e9ly k\u00e9ri, \u00fagy az \u00c9rintett kifejezett hozz\u00e1j\u00e1rul\u00f3 nyilatkozata alapj\u00e1n szem\u00e9lyes adat\u00e1t (telefonsz\u00e1m, e-mail c\u00edm, stb.) az Egyes\u00fclet a fenti hat\u00e1rid\u0151n t\u00fal is jogosult kezelni, az \u00c9rintett Nyilatkozat\u00e1nak visszavon\u00e1s\u00e1ig. Ebben az esetben az adatkezel\u00e9s jogalapja az \u00c9rintett Nyilatkozata.<\/p>\n<p style=\"text-align: justify;\">Szem\u00e9lyes adatai kezel\u00e9s\u00e9r\u0151l minden \u00c9rintett t\u00e1j\u00e9koztat\u00e1st k\u00e9rhet. Az Adatkezel\u0151 k\u00e9r\u00e9sre 30 napon bel\u00fcl \u00edr\u00e1sban t\u00e1j\u00e9koztat\u00e1st ad az \u00c9rintettnek az Egyes\u00fclet \u00e1ltal kezelt adatokr\u00f3l, az adatkezel\u00e9s c\u00e9lj\u00e1r\u00f3l, jogalapj\u00e1r\u00f3l, id\u0151tartam\u00e1r\u00f3l, az adatfeldolgoz\u00f3 nev\u00e9r\u0151l, c\u00edm\u00e9r\u0151l (sz\u00e9khely\u00e9r\u0151l) \u00e9s az adatkezel\u00e9ssel \u00f6sszef\u00fcgg\u0151 tev\u00e9kenys\u00e9g\u00e9r\u0151l, tov\u00e1bb\u00e1 arr\u00f3l, hogy kik \u00e9s milyen c\u00e9lb\u00f3l kapj\u00e1k vagy kapt\u00e1k meg az adatokat.<\/p>\n<p style=\"text-align: justify;\">Az \u00c9rintett tiltakozhat szem\u00e9lyes adatainak kezel\u00e9se ellen, ennek keret\u00e9ben k\u00e9rheti szem\u00e9lyes adatainak helyesb\u00edt\u00e9s\u00e9t \u00e9s t\u00f6rl\u00e9s\u00e9t is az Egyes\u00fclet levelez\u00e9si c\u00edm\u00e9n, illetve az info@kelensc.hu e-mail c\u00edmen.<\/p>\n<p style=\"text-align: justify;\"><span style=\"color: #339966;\"><strong>V\u00e1ltoz\u00e1sok<\/strong><\/span><\/p>\n<p style=\"text-align: justify;\">B\u00e1rmely olyan v\u00e1ltoz\u00e1sr\u00f3l, amely l\u00e9nyegesen befoly\u00e1solja a szolg\u00e1ltat\u00e1s vagy az adatkezel\u00e9s m\u00f3dj\u00e1t, az Adatkezel\u0151 \u00e9rtes\u00edt\u00e9st k\u00fcld az \u00c9rintettnek a kor\u00e1bban megadott e-mail c\u00edmre. Amennyiben ezt k\u00f6vet\u0151en az \u00c9rintett \u00fagy d\u00f6nt, hogy nem fogadja el a megv\u00e1ltozott felt\u00e9teleket, akkor ezt az e-mail \u00e9rtes\u00edt\u00e9st\u0151l sz\u00e1m\u00edtott 8 napon bel\u00fcl jelezheti a info@kelensc.hu e-mail c\u00edmen.<\/p>\n<p style=\"text-align: justify;\"><span style=\"color: #339966;\"><strong>Biztons\u00e1g<\/strong><\/span><\/p>\n<p style=\"text-align: justify;\">Az kelensc.hu honlapra bevitt adatokat a T\u00e1rsas\u00e1g szerz\u0151d\u00e9ses IT szolg\u00e1ltat\u00f3ja saj\u00e1t szerver\u00e9n, megfelel\u0151 biztons\u00e1gi int\u00e9zked\u00e9sek mellett t\u00e1rolja. Az adatokr\u00f3l minden nap biztons\u00e1gi m\u00e1solat ker\u00fcl k\u00e9sz\u00edt\u00e9sre, amely m\u00e1s, hasonl\u00f3an biztons\u00e1gos szervereken is t\u00e1rolhat\u00f3, arra az esetre ha valamilyen technikai vagy emberi hiba miatt megs\u00e9r\u00fcln\u00e9nek a saj\u00e1t szerveren t\u00e1rolt adatok.<\/p>\n<p style=\"text-align: justify;\"><span style=\"color: #339966;\"><strong>Jog\u00e9rv\u00e9nyes\u00edt\u00e9s<\/strong><\/span><\/p>\n<p style=\"text-align: justify;\">Amennyiben az \u00c9rintett felt\u00e9telezi, hogy az Egyes\u00fclet megs\u00e9rtette a szem\u00e9lyes adatok v\u00e9delm\u00e9hez f\u0171z\u0151d\u0151 jog\u00e1t, akkor k\u00f6teles ezt jelezni az Egyes\u00fclet r\u00e9sz\u00e9re annak \u00e9rdek\u00e9ben, hogy az Egyes\u00fclet az esetleges jogs\u00e9rt\u00e9st kivizsg\u00e1lhassa, \u00e9s a sz\u00fcks\u00e9ges int\u00e9zked\u00e9seket meghozhassa.\u00a0Az \u00c9rintett szem\u00e9lyes adatainak v\u00e9delm\u00e9hez val\u00f3 jog\u00e1t polg\u00e1ri b\u00edr\u00f3s\u00e1g el\u0151tt is \u00e9rv\u00e9nyes\u00edtheti, vagy a Nemzeti Adatv\u00e9delmi \u00e9s Inform\u00e1ci\u00f3szabads\u00e1g Hat\u00f3s\u00e1ghoz (1125 Budapest Szil\u00e1gyi Erzs\u00e9bet fasor 22\/C; postac\u00edm: 1530 Budapest, Pf. 5.) fordulhat, tov\u00e1bb\u00e1 k\u00e9rheti az adatv\u00e9delmi biztos seg\u00edts\u00e9g\u00e9t.<\/p>\n<p style=\"text-align: justify;\">Az erre, valamint az Adatkezel\u0151 k\u00f6telezetts\u00e9geire vonatkoz\u00f3 r\u00e9szletes szab\u00e1lyokat <em>a term\u00e9szetes szem\u00e9lyeknek a szem\u00e9lyes adatok kezel\u00e9se tekintet\u00e9ben t\u00f6rt\u00e9n\u0151 v\u00e9delm\u00e9r\u0151l sz\u00f3l\u00f3 Eur\u00f3pai Parlament \u00e9s Tan\u00e1cs (EU) 2016\/679 rendelete<\/em> \u00e9s <em>az inform\u00e1ci\u00f3s \u00f6nrendelkez\u00e9si jogr\u00f3l \u00e9s az inform\u00e1ci\u00f3szabads\u00e1gr\u00f3l sz\u00f3l\u00f3 2011. \u00e9vi CXII. t\u00f6rv\u00e9ny rendelkez\u00e9sei<\/em> tartalmazz\u00e1k.<\/p>\n<p style=\"text-align: justify;\"><span style=\"color: #339966;\"><strong>Kik\u00f6t\u00e9s<\/strong><\/span><\/p>\n<p style=\"text-align: justify;\">Az Egyes\u00fclet, mint Adatkezel\u0151 fenntartja a jogot, hogy az \u00c9rintett \u00e1ltal al\u00e1\u00edrt adatv\u00e9delmi nyilatkozatot megv\u00e1ltoztassa, k\u00fcl\u00f6n\u00f6sen, de nem kiz\u00e1r\u00f3lagosan jogszab\u00e1lyv\u00e1ltoz\u00e1s eset\u00e9n, azonban az adatkezel\u00e9s fentiek szerinti megv\u00e1ltoztat\u00e1sa nem jelentheti a szem\u00e9lyes adatok eredeti c\u00e9lj\u00e1t\u00f3l elt\u00e9r\u0151 kezel\u00e9s\u00e9t. Az erre vonatkoz\u00f3 t\u00e1j\u00e9koztat\u00e1st az Egyes\u00fclet, mint Adatkezel\u0151 az int\u00e9zked\u00e9st megel\u0151z\u0151en 15 nappal k\u00f6zz\u00e9teszi honlapj\u00e1n.<\/p>\n<\/div><div class=\"bt_bb_separator_v2 bt_bb_border_style_none bt_bb_top_spacing_normal bt_bb_bottom_spacing_normal bt_bb_icon_size_normal bt_bb_text_size_normal bt_bb_separator_v2_without_content\" data-bt-override-class=\"null\"><div class=\"bt_bb_separator_v2_inner\"><span class=\"bt_bb_separator_v2_inner_before\"><\/span><span class=\"bt_bb_separator_v2_inner_content\"><span  data-ico-=\"\" class=\"bt_bb_icon_holder\"><\/span><\/span><span class=\"bt_bb_separator_v2_inner_after\"><\/span><\/div><\/div><div class=\"bt_bb_button bt_bb_color_scheme_6 bt_bb_icon_position_left bt_bb_style_filled bt_bb_size_normal bt_bb_width_full bt_bb_shape_inherit bt_bb_target_blank bt_bb_align_inherit\" style=\"; --primary-color:#ffffff; --secondary-color:#00754e;\" data-bt-override-class=\"{}\"><a href=\"https:\/\/forms.office.com\/Pages\/ResponsePage.aspx?id=vxZbQqTHzUmGHsO-RNwk-jxVWSuKttdPkKYAVB3IyNdUOVhTOTBWQ1dRREZFSzRNU1ZYWFRQTUVNWSQlQCN0PWcu\" target=\"_blank\" class=\"bt_bb_link\" title=\"ADATV\u00c9DELMI T\u00c1J\u00c9KOZTAT\u00d3 ELOGAD\u00c1SA \/ KIT\u00d6LT\u00c9SE\"><span class=\"bt_bb_button_text\" >ADATV\u00c9DELMI T\u00c1J\u00c9KOZTAT\u00d3 ELOGAD\u00c1SA \/ KIT\u00d6LT\u00c9SE<\/span><\/a><\/div><div class=\"bt_bb_separator_v2 bt_bb_border_style_none bt_bb_bottom_spacing_medium bt_bb_icon_size_normal bt_bb_text_size_normal bt_bb_separator_v2_without_content\" data-bt-override-class=\"null\"><div class=\"bt_bb_separator_v2_inner\"><span class=\"bt_bb_separator_v2_inner_before\"><\/span><span class=\"bt_bb_separator_v2_inner_content\"><span  data-ico-=\"\" class=\"bt_bb_icon_holder\"><\/span><\/span><span class=\"bt_bb_separator_v2_inner_after\"><\/span><\/div><\/div><\/div><\/div><\/div><\/div><\/div><\/div><!-- cell_inner --><\/div><!-- cell --><\/div><!-- port --><\/section><section id=\"bt_bb_section69dcdb4a20a6f\" class=\"bt_bb_section bt_bb_layout_boxed_1200 bt_bb_vertical_align_top bt_bb_top_spacing_medium\"  data-bt-override-class=\"null\"><div class=\"bt_bb_port\"><div class=\"bt_bb_cell\"><div class=\"bt_bb_cell_inner\"><div class=\"bt_bb_row_wrapper\"><div  class=\"bt_bb_row\"  data-bt-override-class=\"{}\"><div  class=\"bt_bb_column col-xxl-12 col-xl-12 bt_bb_vertical_align_top bt_bb_align_left bt_bb_padding_normal\"  data-width=\"12\" data-bt-override-class=\"{}\"><div class=\"bt_bb_column_content\"><div class=\"bt_bb_column_content_inner\"><div class=\"bt_bb_separator_v2 bt_bb_border_style_none bt_bb_bottom_spacing_normal bt_bb_icon_size_normal bt_bb_text_size_normal bt_bb_separator_v2_without_content\" data-bt-override-class=\"null\"><div class=\"bt_bb_separator_v2_inner\"><span class=\"bt_bb_separator_v2_inner_before\"><\/span><span class=\"bt_bb_separator_v2_inner_content\"><span  data-ico-=\"\" class=\"bt_bb_icon_holder\"><\/span><\/span><span class=\"bt_bb_separator_v2_inner_after\"><\/span><\/div><\/div><\/div><\/div><\/div><\/div><\/div><\/div><!-- cell_inner --><\/div><!-- cell --><\/div><!-- port --><\/section>","protected":false},"excerpt":{"rendered":"","protected":false},"author":1,"featured_media":353,"parent":0,"menu_order":0,"comment_status":"closed","ping_status":"closed","template":"","meta":{"inline_featured_image":false,"_exactmetrics_skip_tracking":false,"_exactmetrics_sitenote_active":false,"_exactmetrics_sitenote_note":"","_exactmetrics_sitenote_category":0,"footnotes":""},"_links":{"self":[{"href":"https:\/\/kelensc.hu\/index.php\/wp-json\/wp\/v2\/pages\/15250"}],"collection":[{"href":"https:\/\/kelensc.hu\/index.php\/wp-json\/wp\/v2\/pages"}],"about":[{"href":"https:\/\/kelensc.hu\/index.php\/wp-json\/wp\/v2\/types\/page"}],"author":[{"embeddable":true,"href":"https:\/\/kelensc.hu\/index.php\/wp-json\/wp\/v2\/users\/1"}],"replies":[{"embeddable":true,"href":"https:\/\/kelensc.hu\/index.php\/wp-json\/wp\/v2\/comments?post=15250"}],"version-history":[{"count":83,"href":"https:\/\/kelensc.hu\/index.php\/wp-json\/wp\/v2\/pages\/15250\/revisions"}],"predecessor-version":[{"id":15594,"href":"https:\/\/kelensc.hu\/index.php\/wp-json\/wp\/v2\/pages\/15250\/revisions\/15594"}],"wp:featuredmedia":[{"embeddable":true,"href":"https:\/\/kelensc.hu\/index.php\/wp-json\/wp\/v2\/media\/353"}],"wp:attachment":[{"href":"https:\/\/kelensc.hu\/index.php\/wp-json\/wp\/v2\/media?parent=15250"}],"curies":[{"name":"wp","href":"https:\/\/api.w.org\/{rel}","templated":true}]}}